{"id":2847,"date":"2020-06-15T10:55:57","date_gmt":"2020-06-15T10:55:57","guid":{"rendered":"https:\/\/kadovacheesemouldshop.com\/?page_id=2847"},"modified":"2020-06-15T11:38:13","modified_gmt":"2020-06-15T11:38:13","slug":"verzenden-retourneren","status":"publish","type":"page","link":"https:\/\/kadovacheesemouldshop.com\/de\/verzenden-retourneren\/","title":{"rendered":"Versenden &amp; zur\u00fccksenden"},"content":{"rendered":"<div><span style=\"color: #333333;\"><b><u>Versand.<\/u><\/b><\/span><br \/>\n<span style=\"color: #333333;\"><span style=\"color: #333333;\">Normalerweise werden Ihre Auftr\u00e4ge vom Lager genommen. Jedoch wenn das nicht der Fall ist sollten Sie ber\u00fccksichtigen, dass die Vorbereitungs- und Anlaufzeit sich erh\u00f6ht. Sehen Sie auch \u201eVorbereitungs- und Anlaufzeit.\u201c<\/span><\/span><\/div>\n<div><span style=\"color: #333333;\"><b><u>Auftragsbest\u00e4tigung.<\/u><\/b><\/span><span style=\"color: #333333;\"><b>\u00a0<\/b><\/span><\/div>\n<div>\n<p><span style=\"color: #333333;\">Nach dem Eingang Ihres Auftrages bekommen Sie eine Auftragsbest\u00e4tigung.\u00a0<\/span><\/p>\n<p><span style=\"color: #333333;\"><b><u>Versand.<\/u><\/b><\/span><span style=\"color: #333333;\"><b>.<\/b><\/span><br \/>\n<span style=\"color: #333333;\">Versandkosten werden best\u00e4tigt als \"Vorhersage Versandkosten\" w\u00e4hrend den Bestell Prozess und zwar bevor \"Bezahlen\". Die Vorhersage ist bindend.<\/span><span style=\"color: #333333;\"><b><u><br \/>\n<\/u><\/b><\/span><\/p>\n<\/div>\n<div><span style=\"color: #333333;\"><b><u>Lieferzeit.<\/u><\/b><\/span><\/div>\n<div>\n<p><span style=\"color: #333333;\">Die Lieferzeit finden Sie auf der Auftragsbest\u00e4tigung. Indem die Wahren auf Lager sind, tun wir unser \u00c4u\u00dferstes, um die Lieferzeit so kurz wie m\u00f6glich zu halten. Wenn eine Verz\u00f6gerung in der best\u00e4tigten Lieferzeit entsteht, treten wir mit Ihnen in Verbindung und informieren Sie auf der neuen Lieferzeit.<\/span><\/p>\n<p><span style=\"color: #333333;\"><b><u>Retourneren of Ruilen.<\/u><\/b><\/span><\/p>\n<p class=\"translation-block\">Wenn Sie ein Produkt retournieren m\u00f6chten, m\u00fcssen Sie uns schriftlich auf den Grund f\u00fcr das retournieren im Voraus informieren. R\u00fcckkehr wird nur angenommen, wenn der Artikel unbesch\u00e4digt und unbenutzt ist und wenn er in seinem urspr\u00fcnglichen Verpackung zur\u00fcckgesendet wird. Versenden Sie bitte den Artikel, einschlie\u00dflich alle weiteren anwendbaren Einzelteile, innerhalb 7 Arbeitstage nach Eingang der Waren, einschlie\u00dflich den urspr\u00fcnglichen Rechnungs-\/Paketauftrag.<\/p>\n<p><span style=\"color: #333333;\"><b><u>Wenn die Frachtkosten bezahlt sind, k\u00f6nnen Sie das Paket senden an:<\/u><\/b><\/span><\/p>\n<p><span style=\"color: #333333;\">Be-St Holland Products B.V.<\/span><\/p>\n<\/div>\n<div><span style=\"color: #333333;\">Z.h.v. Verkaufabteilung<\/span><\/div>\n<div><span style=\"color: #333333;\">Dr. Lelykade 40E<\/span><\/div>\n<div><span style=\"color: #333333;\">2583 CM DEN HAAG<\/span><\/div>\n<div><\/div>\n<div>\n<p class=\"translation-block\">Wenn Sie ein Produkt unter abweichende Bedingungen zur\u00fcckbringen, haben wir das Recht, das Gutschreiben der betroffenen Rechnung zur\u00fcckzuhalten. Sehen Sie f\u00fcr weitere Informationen \u00fcber dieses unsere allgemeinen Bedingungen.<\/p>\n<p class=\"translation-block\"><span style=\"color: #333333\"><b> Im Falle von Zweifel, <\/b><\/span><span style=\"color: #333333\">\u00a0bevor sie das Paket versenden, treten Sie bitte mit unserem Kundendienst an der Telefonnummer + 31164-299386 in Verbindung oder schicken Sie eine E-Mail zu\u00a0<\/span><a href=\"mailto:besthollandproductsbv@gmail.com\" target=\"_self\"><span style=\"color: #0000ff\"><u>besthollandproductsbv@gmail.com.<\/u><\/span><\/a><\/p>\n<\/div>","protected":false},"excerpt":{"rendered":"<p>Verzenden. Normaal gesproken worden uw orders uit voorraad geleverd. Echter indien dit niet het geval is dient u rekening te houden met een langere levertijd.\u00a0Zie ook \u201cLevertijd\u201d. Opdrachtbevestiging:\u00a0 Na ontvangst van uw order sturen wij u een opdrachtbevestiging.\u00a0 Verzendkosten. Deze worden bevestigd als &#8220;Verwachte verzendkosten&#8221; tijdens het bestelproces, voordat u op &#8220;Afrekenen&#8221; klikt. De opgegeven, [&hellip;]<\/p>\n","protected":false},"author":1,"featured_media":0,"parent":0,"menu_order":0,"comment_status":"closed","ping_status":"closed","template":"","meta":{"_acf_changed":false,"site-sidebar-layout":"default","site-content-layout":"default","ast-site-content-layout":"default","site-content-style":"default","site-sidebar-style":"default","ast-global-header-display":"","ast-banner-title-visibility":"","ast-main-header-display":"","ast-hfb-above-header-display":"","ast-hfb-below-header-display":"","ast-hfb-mobile-header-display":"","site-post-title":"","ast-breadcrumbs-content":"","ast-featured-img":"","footer-sml-layout":"","ast-disable-related-posts":"","theme-transparent-header-meta":"default","adv-header-id-meta":"","stick-header-meta":"","header-above-stick-meta":"","header-main-stick-meta":"","header-below-stick-meta":"","astra-migrate-meta-layouts":"default","ast-page-background-enabled":"default","ast-page-background-meta":{"desktop":{"background-color":"","background-image":"","background-repeat":"repeat","background-position":"center center","background-size":"auto","background-attachment":"scroll","background-type":"","background-media":"","overlay-type":"","overlay-color":"","overlay-opacity":"","overlay-gradient":""},"tablet":{"background-color":"","background-image":"","background-repeat":"repeat","background-position":"center center","background-size":"auto","background-attachment":"scroll","background-type":"","background-media":"","overlay-type":"","overlay-color":"","overlay-opacity":"","overlay-gradient":""},"mobile":{"background-color":"","background-image":"","background-repeat":"repeat","background-position":"center center","background-size":"auto","background-attachment":"scroll","background-type":"","background-media":"","overlay-type":"","overlay-color":"","overlay-opacity":"","overlay-gradient":""}},"ast-content-background-meta":{"desktop":{"background-color":"var(--ast-global-color-5)","background-image":"","background-repeat":"repeat","background-position":"center center","background-size":"auto","background-attachment":"scroll","background-type":"","background-media":"","overlay-type":"","overlay-color":"","overlay-opacity":"","overlay-gradient":""},"tablet":{"background-color":"var(--ast-global-color-5)","background-image":"","background-repeat":"repeat","background-position":"center center","background-size":"auto","background-attachment":"scroll","background-type":"","background-media":"","overlay-type":"","overlay-color":"","overlay-opacity":"","overlay-gradient":""},"mobile":{"background-color":"var(--ast-global-color-5)","background-image":"","background-repeat":"repeat","background-position":"center center","background-size":"auto","background-attachment":"scroll","background-type":"","background-media":"","overlay-type":"","overlay-color":"","overlay-opacity":"","overlay-gradient":""}},"footnotes":""},"class_list":["post-2847","page","type-page","status-publish","hentry"],"acf":[],"_links":{"self":[{"href":"https:\/\/kadovacheesemouldshop.com\/de\/wp-json\/wp\/v2\/pages\/2847","targetHints":{"allow":["GET"]}}],"collection":[{"href":"https:\/\/kadovacheesemouldshop.com\/de\/wp-json\/wp\/v2\/pages"}],"about":[{"href":"https:\/\/kadovacheesemouldshop.com\/de\/wp-json\/wp\/v2\/types\/page"}],"author":[{"embeddable":true,"href":"https:\/\/kadovacheesemouldshop.com\/de\/wp-json\/wp\/v2\/users\/1"}],"replies":[{"embeddable":true,"href":"https:\/\/kadovacheesemouldshop.com\/de\/wp-json\/wp\/v2\/comments?post=2847"}],"version-history":[{"count":7,"href":"https:\/\/kadovacheesemouldshop.com\/de\/wp-json\/wp\/v2\/pages\/2847\/revisions"}],"predecessor-version":[{"id":2854,"href":"https:\/\/kadovacheesemouldshop.com\/de\/wp-json\/wp\/v2\/pages\/2847\/revisions\/2854"}],"wp:attachment":[{"href":"https:\/\/kadovacheesemouldshop.com\/de\/wp-json\/wp\/v2\/media?parent=2847"}],"curies":[{"name":"wp","href":"https:\/\/api.w.org\/{rel}","templated":true}]}}