{"id":2150,"date":"2020-03-20T11:52:00","date_gmt":"2020-03-20T11:52:00","guid":{"rendered":"https:\/\/kadovacheesemouldshop.com\/?post_type=product&#038;p=2150"},"modified":"2026-03-03T17:32:04","modified_gmt":"2026-03-03T17:32:04","slug":"baby-gouda-200-gram-vatnet","status":"publish","type":"product","link":"https:\/\/kadovacheesemouldshop.com\/de\/produkt\/baby-gouda-200-gram-vatnet\/","title":{"rendered":"Kadova\u00ae Baby Gouda 200 gram Formnetz"},"content":{"rendered":"<p>Dieses Netz passt in die Kadova\u00ae Baby Gouda 200 Gramm Form.<\/p>\n<p class=\"translation-block\">Die K\u00e4seform ist vollst\u00e4ndig vom Kunststoff fabriziert worden. Die Rohstoffe, die f\u00fcr die Produktion der K\u00e4seform benutzt werden, sind f\u00fcr direkten Kontakt mit Nahrungsmitteln genehmigt worden. <br>\n<\/u><br>\nDie K\u00e4seform besteht aus 4 Teilen: Form, Formnetz, Deckel und Deckelnetz. Die Netze sind auch vollst\u00e4ndig vom Kunststoff hergestellt worden. Die Netze stellen die Entw\u00e4sserung der Molke und die Formung der Rinde sicher. \nDer Gebrauch von den Netzen stellt eine sch\u00f6ne glatte Rinde, ohne irgendwelche Falten sicher. \n\nDie Netze k\u00f6nnen von der Form, sowie von dem Deckel entfernt werden. Die vier K\u00e4seformbestandteile k\u00f6nnen jeder separat geordnet werden. Die erforderlichen Bestandteile finden Sie in unserem Webshop.<\/p>\n<p class=\"translation-block\">Reinigung.\nDurch Zerlegen des Formnetzes und des Deckelnetzes k\u00f6nnen die 4 Teile separat gereinigt werden. Die Reinigung erfolgt, indem jedes Teil \u00fcber Nacht in einer Reinigungsfl\u00fcssigkeit eingeweicht wird. Verwenden Sie f\u00fcr ein besseres Ergebnis eine B\u00fcrste, um die Reinigung zu vertiefen. Die Temperatur der Reinigungsfl\u00fcssigkeit aufgrund anf\u00e4lliger Systeme und Netzwerke darf 55 \u00b0 C nicht \u00fcberschreiten.<\/p>\n<p class=\"translation-block\"><strong><u>Zus\u00e4tzliche Information?<\/u><\/strong><br>\n\nWenn Sie zus\u00e4tzliche Informationen zu dieser K\u00e4seform ben\u00f6tigen, senden Sie uns bitte eine E-Mail an: <a href=\"mailto:info@kadovacheesemouldshop.com\" \/>info@kadovacheesemouldshop.com<\/a> oder verwenden Sie das Kontaktformular, das Sie in unserem Webshop finden.<\/p>","protected":false},"excerpt":{"rendered":"<p>Dieses Netz passt in die Kadova\u00ae Baby Gouda 200 Gramm Form.<\/p>","protected":false},"featured_media":2756,"comment_status":"open","ping_status":"closed","template":"","meta":{"_acf_changed":false,"site-sidebar-layout":"no-sidebar","site-content-layout":"default","ast-site-content-layout":"default","site-content-style":"default","site-sidebar-style":"default","ast-global-header-display":"","ast-banner-title-visibility":"","ast-main-header-display":"","ast-hfb-above-header-display":"","ast-hfb-below-header-display":"","ast-hfb-mobile-header-display":"","site-post-title":"","ast-breadcrumbs-content":"","ast-featured-img":"","footer-sml-layout":"","ast-disable-related-posts":"","theme-transparent-header-meta":"default","adv-header-id-meta":"","stick-header-meta":"","header-above-stick-meta":"","header-main-stick-meta":"","header-below-stick-meta":"","astra-migrate-meta-layouts":"default","ast-page-background-enabled":"default","ast-page-background-meta":{"desktop":{"background-color":"","background-image":"","background-repeat":"repeat","background-position":"center center","background-size":"auto","background-attachment":"scroll","background-type":"","background-media":"","overlay-type":"","overlay-color":"","overlay-opacity":"","overlay-gradient":""},"tablet":{"background-color":"","background-image":"","background-repeat":"repeat","background-position":"center center","background-size":"auto","background-attachment":"scroll","background-type":"","background-media":"","overlay-type":"","overlay-color":"","overlay-opacity":"","overlay-gradient":""},"mobile":{"background-color":"","background-image":"","background-repeat":"repeat","background-position":"center center","background-size":"auto","background-attachment":"scroll","background-type":"","background-media":"","overlay-type":"","overlay-color":"","overlay-opacity":"","overlay-gradient":""}},"ast-content-background-meta":{"desktop":{"background-color":"var(--ast-global-color-5)","background-image":"","background-repeat":"repeat","background-position":"center center","background-size":"auto","background-attachment":"scroll","background-type":"","background-media":"","overlay-type":"","overlay-color":"","overlay-opacity":"","overlay-gradient":""},"tablet":{"background-color":"var(--ast-global-color-5)","background-image":"","background-repeat":"repeat","background-position":"center center","background-size":"auto","background-attachment":"scroll","background-type":"","background-media":"","overlay-type":"","overlay-color":"","overlay-opacity":"","overlay-gradient":""},"mobile":{"background-color":"var(--ast-global-color-5)","background-image":"","background-repeat":"repeat","background-position":"center center","background-size":"auto","background-attachment":"scroll","background-type":"","background-media":"","overlay-type":"","overlay-color":"","overlay-opacity":"","overlay-gradient":""}}},"product_brand":[],"product_cat":[54,34],"product_tag":[],"class_list":{"0":"post-2150","1":"product","2":"type-product","3":"status-publish","4":"has-post-thumbnail","6":"product_cat-baby-gouda-200-gram-onderdelen","7":"product_cat-baby-gouda-onderdelen","8":"desktop-align-left","9":"tablet-align-left","10":"mobile-align-left","12":"first","13":"instock","14":"taxable","15":"shipping-taxable","16":"purchasable","17":"product-type-simple"},"acf":[],"_links":{"self":[{"href":"https:\/\/kadovacheesemouldshop.com\/de\/wp-json\/wp\/v2\/product\/2150","targetHints":{"allow":["GET"]}}],"collection":[{"href":"https:\/\/kadovacheesemouldshop.com\/de\/wp-json\/wp\/v2\/product"}],"about":[{"href":"https:\/\/kadovacheesemouldshop.com\/de\/wp-json\/wp\/v2\/types\/product"}],"replies":[{"embeddable":true,"href":"https:\/\/kadovacheesemouldshop.com\/de\/wp-json\/wp\/v2\/comments?post=2150"}],"wp:featuredmedia":[{"embeddable":true,"href":"https:\/\/kadovacheesemouldshop.com\/de\/wp-json\/wp\/v2\/media\/2756"}],"wp:attachment":[{"href":"https:\/\/kadovacheesemouldshop.com\/de\/wp-json\/wp\/v2\/media?parent=2150"}],"wp:term":[{"taxonomy":"product_brand","embeddable":true,"href":"https:\/\/kadovacheesemouldshop.com\/de\/wp-json\/wp\/v2\/product_brand?post=2150"},{"taxonomy":"product_cat","embeddable":true,"href":"https:\/\/kadovacheesemouldshop.com\/de\/wp-json\/wp\/v2\/product_cat?post=2150"},{"taxonomy":"product_tag","embeddable":true,"href":"https:\/\/kadovacheesemouldshop.com\/de\/wp-json\/wp\/v2\/product_tag?post=2150"}],"curies":[{"name":"wp","href":"https:\/\/api.w.org\/{rel}","templated":true}]}}