{"id":2205,"date":"2020-03-26T18:08:51","date_gmt":"2020-03-26T18:08:51","guid":{"rendered":"https:\/\/kadovacheesemouldshop.com\/?post_type=product&#038;p=2205"},"modified":"2026-03-03T18:22:38","modified_gmt":"2026-03-03T18:22:38","slug":"kadova-cilindrisch-d256-h181-mm-kaasvorm","status":"publish","type":"product","link":"https:\/\/kadovacheesemouldshop.com\/de\/produkt\/kadova-cilindrisch-d256-h181-mm-kaasvorm\/","title":{"rendered":"Kadova\u00ae Zylindrisch D256 H181 mm K\u00e4seform"},"content":{"rendered":"<p>Diese zylindrische Kadova\u00ae 256 mm H 181 mm K\u00e4seform hat einen Innendurchmesser von 256 mm und eine Au\u00dfenh\u00f6he von 181 mm.<br \/>\nAm Boden hat die Form einen kleinen Radius von 5 mm, der Deckel ist flach.\nBitte beachten: Form und Deckel haben nicht das traditionelle Manchego-Muster, sowohl Form als auch Deckel haben eine glatte Kontaktfl\u00e4che.<br \/>\nMit dieser Form kann ein K\u00e4se von 4,5 - 6,2 kg hergestellt werden, abh\u00e4ngig von der Menge an Bruch, die in die Form gegeben wird.<\/p>\n<p class=\"translation-block\">Die K\u00e4seform ist vollst\u00e4ndig vom Kunststoff fabriziert worden. Die Rohstoffe, die f\u00fcr die Produktion der K\u00e4seform benutzt werden, sind f\u00fcr direkten Kontakt mit Nahrungsmitteln genehmigt worden. <br>\n<\/u><br>\nDie K\u00e4seform besteht aus 4 Teilen: Form, Formnetz, Deckel und Deckelnetz. Die Netze sind auch vollst\u00e4ndig vom Kunststoff hergestellt worden. Die Netze stellen die Entw\u00e4sserung der Molke und die Formung der Rinde sicher. \nDer Gebrauch von den Netzen stellt eine sch\u00f6ne glatte Rinde, ohne irgendwelche Falten sicher. \n\nDie Netze k\u00f6nnen von der Form, sowie von dem Deckel entfernt werden. Die vier K\u00e4seformbestandteile k\u00f6nnen jeder separat geordnet werden. Die erforderlichen Bestandteile finden Sie in unserem Webshop.<\/p>\n<p class=\"translation-block\"><strong><u>Reinigung. <\/u><\/strong><br>\nWenn Sie Form - und Deckelnetz demontieren, k\u00f6nnen alle vier die Bestandteile separat gereinigt werden. Sie k\u00f6nnen zum Beispiel die Teile \u00fcber Nacht in einer Reinigungsfl\u00fcssigkeit untertauchen. Der Gebrauch einer B\u00fcrste verbessert das Endergebnis. \nWegen der Empfindlichkeit der Netze darf die Temperatur der Reinigungsfl\u00fcssigkeit die 55\u00b0C nicht \u00fcbersteigen.<\/p>\n<p class=\"translation-block\"><strong><u>Zus\u00e4tzliche Information?<\/u><\/strong><br>\n\nWenn Sie zus\u00e4tzliche Informationen zu dieser K\u00e4seform ben\u00f6tigen, senden Sie uns bitte eine E-Mail an: <a href=\"mailto:info@kadovacheesemouldshop.com\" \/>info@kadovacheesemouldshop.com<\/a> oder verwenden Sie das Kontaktformular, das Sie in unserem Webshop finden.<\/p>","protected":false},"excerpt":{"rendered":"<p>Diese zylindrische Kadova\u00ae 256 mm H 181 mm K\u00e4seform hat einen Innendurchmesser von 256 mm und eine Au\u00dfenh\u00f6he von 181 mm.<br \/>\nAm Boden hat die Form einen kleinen Radius von 5 mm, der Deckel ist flach.\nBitte beachten: Form und Deckel haben nicht das traditionelle Manchego-Muster, sowohl Form als auch Deckel haben eine glatte Kontaktfl\u00e4che.<br \/>\nMit dieser Form kann ein K\u00e4se von 4,5 - 6,2 kg hergestellt werden, abh\u00e4ngig von der Menge an Bruch, die in die Form gegeben wird.<\/p>","protected":false},"featured_media":2800,"comment_status":"open","ping_status":"closed","template":"","meta":{"_acf_changed":false,"site-sidebar-layout":"default","site-content-layout":"default","ast-site-content-layout":"default","site-content-style":"default","site-sidebar-style":"default","ast-global-header-display":"","ast-banner-title-visibility":"","ast-main-header-display":"","ast-hfb-above-header-display":"","ast-hfb-below-header-display":"","ast-hfb-mobile-header-display":"","site-post-title":"","ast-breadcrumbs-content":"","ast-featured-img":"","footer-sml-layout":"","ast-disable-related-posts":"","theme-transparent-header-meta":"default","adv-header-id-meta":"","stick-header-meta":"","header-above-stick-meta":"","header-main-stick-meta":"","header-below-stick-meta":"","astra-migrate-meta-layouts":"default","ast-page-background-enabled":"default","ast-page-background-meta":{"desktop":{"background-color":"","background-image":"","background-repeat":"repeat","background-position":"center center","background-size":"auto","background-attachment":"scroll","background-type":"","background-media":"","overlay-type":"","overlay-color":"","overlay-opacity":"","overlay-gradient":""},"tablet":{"background-color":"","background-image":"","background-repeat":"repeat","background-position":"center center","background-size":"auto","background-attachment":"scroll","background-type":"","background-media":"","overlay-type":"","overlay-color":"","overlay-opacity":"","overlay-gradient":""},"mobile":{"background-color":"","background-image":"","background-repeat":"repeat","background-position":"center center","background-size":"auto","background-attachment":"scroll","background-type":"","background-media":"","overlay-type":"","overlay-color":"","overlay-opacity":"","overlay-gradient":""}},"ast-content-background-meta":{"desktop":{"background-color":"var(--ast-global-color-5)","background-image":"","background-repeat":"repeat","background-position":"center center","background-size":"auto","background-attachment":"scroll","background-type":"","background-media":"","overlay-type":"","overlay-color":"","overlay-opacity":"","overlay-gradient":""},"tablet":{"background-color":"var(--ast-global-color-5)","background-image":"","background-repeat":"repeat","background-position":"center center","background-size":"auto","background-attachment":"scroll","background-type":"","background-media":"","overlay-type":"","overlay-color":"","overlay-opacity":"","overlay-gradient":""},"mobile":{"background-color":"var(--ast-global-color-5)","background-image":"","background-repeat":"repeat","background-position":"center center","background-size":"auto","background-attachment":"scroll","background-type":"","background-media":"","overlay-type":"","overlay-color":"","overlay-opacity":"","overlay-gradient":""}}},"product_brand":[],"product_cat":[31],"product_tag":[],"class_list":{"0":"post-2205","1":"product","2":"type-product","3":"status-publish","4":"has-post-thumbnail","6":"product_cat-cilindrisch","7":"desktop-align-left","8":"tablet-align-left","9":"mobile-align-left","11":"first","12":"instock","13":"taxable","14":"shipping-taxable","15":"purchasable","16":"product-type-simple"},"acf":[],"_links":{"self":[{"href":"https:\/\/kadovacheesemouldshop.com\/de\/wp-json\/wp\/v2\/product\/2205","targetHints":{"allow":["GET"]}}],"collection":[{"href":"https:\/\/kadovacheesemouldshop.com\/de\/wp-json\/wp\/v2\/product"}],"about":[{"href":"https:\/\/kadovacheesemouldshop.com\/de\/wp-json\/wp\/v2\/types\/product"}],"replies":[{"embeddable":true,"href":"https:\/\/kadovacheesemouldshop.com\/de\/wp-json\/wp\/v2\/comments?post=2205"}],"wp:featuredmedia":[{"embeddable":true,"href":"https:\/\/kadovacheesemouldshop.com\/de\/wp-json\/wp\/v2\/media\/2800"}],"wp:attachment":[{"href":"https:\/\/kadovacheesemouldshop.com\/de\/wp-json\/wp\/v2\/media?parent=2205"}],"wp:term":[{"taxonomy":"product_brand","embeddable":true,"href":"https:\/\/kadovacheesemouldshop.com\/de\/wp-json\/wp\/v2\/product_brand?post=2205"},{"taxonomy":"product_cat","embeddable":true,"href":"https:\/\/kadovacheesemouldshop.com\/de\/wp-json\/wp\/v2\/product_cat?post=2205"},{"taxonomy":"product_tag","embeddable":true,"href":"https:\/\/kadovacheesemouldshop.com\/de\/wp-json\/wp\/v2\/product_tag?post=2205"}],"curies":[{"name":"wp","href":"https:\/\/api.w.org\/{rel}","templated":true}]}}