{"id":2306,"date":"2020-04-13T07:48:18","date_gmt":"2020-04-13T07:48:18","guid":{"rendered":"https:\/\/kadovacheesemouldshop.com\/?post_type=product&#038;p=2306"},"modified":"2026-03-03T17:49:27","modified_gmt":"2026-03-03T17:49:27","slug":"kadova-gouda-15-kg-vat","status":"publish","type":"product","link":"https:\/\/kadovacheesemouldshop.com\/de\/produkt\/kadova-gouda-15-kg-vat\/","title":{"rendered":"Kadova\u00ae Gouda 15 kg Form"},"content":{"rendered":"<p>Der Kadova\u00ae Gouda Form ist unten, an der Innenseite, ausgestattet mit eine Gouda Radius von R = 40 mm.<br \/>\nWand und Boden der Form sind mit L\u00f6chern versehen f\u00fcr die Beseitigung der Molke.<\/p>\n<p class=\"translation-block\">Der Form besteht <u> vollst\u00e4ndig aus Kunststoff <\/u>. <br>\nDie bei der Herstellung der Form verwendeten Rohstoffe sind <u> f\u00fcr den direkten Kontakt mit Lebensmitteln zugelassen. <\/u><\/p>\n<p class=\"translation-block\">Net als dit vat kunnen ook de overige onderdelen van de Gouda 15 kg kaasvorm los nabesteld worden.<br>\r\nDeze onderdelen vindt u terug in deze webshop.<\/p>\n<p class=\"translation-block\"><strong><u>Reinigung. <\/u><\/strong><br>\nDer Form kann gereinigt werden durch die Form \u00fcber Nacht in einer Reinigungsfl\u00fcssigkeit unter zu tauchen. Der Gebrauch einer B\u00fcrste verbessert das Endergebnis. \nDie Temperatur der Reinigungsfl\u00fcssigkeit darf die 80\u00b0C nicht \u00fcbersteigen.<\/p>\n<p class=\"translation-block\"><strong><u>Zus\u00e4tzliche Information?<\/u><\/strong><br>\n\nWenn Sie zus\u00e4tzliche Informationen zu dieser K\u00e4seform ben\u00f6tigen, senden Sie uns bitte eine E-Mail an: <a href=\"mailto:info@kadovacheesemouldshop.com\" \/>info@kadovacheesemouldshop.com<\/a> oder verwenden Sie das Kontaktformular, das Sie in unserem Webshop finden.<\/p>","protected":false},"excerpt":{"rendered":"<p>Der Kadova\u00ae Gouda Form ist unten, an der Innenseite, ausgestattet mit eine Gouda Radius von R = 40 mm.<br \/>\nWand und Boden der Form sind mit L\u00f6chern versehen f\u00fcr die Beseitigung der Molke.<\/p>","protected":false},"featured_media":2766,"comment_status":"open","ping_status":"closed","template":"","meta":{"_acf_changed":false,"site-sidebar-layout":"default","site-content-layout":"default","ast-site-content-layout":"default","site-content-style":"default","site-sidebar-style":"default","ast-global-header-display":"","ast-banner-title-visibility":"","ast-main-header-display":"","ast-hfb-above-header-display":"","ast-hfb-below-header-display":"","ast-hfb-mobile-header-display":"","site-post-title":"","ast-breadcrumbs-content":"","ast-featured-img":"","footer-sml-layout":"","ast-disable-related-posts":"","theme-transparent-header-meta":"default","adv-header-id-meta":"","stick-header-meta":"","header-above-stick-meta":"","header-main-stick-meta":"","header-below-stick-meta":"","astra-migrate-meta-layouts":"default","ast-page-background-enabled":"default","ast-page-background-meta":{"desktop":{"background-color":"","background-image":"","background-repeat":"repeat","background-position":"center center","background-size":"auto","background-attachment":"scroll","background-type":"","background-media":"","overlay-type":"","overlay-color":"","overlay-opacity":"","overlay-gradient":""},"tablet":{"background-color":"","background-image":"","background-repeat":"repeat","background-position":"center center","background-size":"auto","background-attachment":"scroll","background-type":"","background-media":"","overlay-type":"","overlay-color":"","overlay-opacity":"","overlay-gradient":""},"mobile":{"background-color":"","background-image":"","background-repeat":"repeat","background-position":"center center","background-size":"auto","background-attachment":"scroll","background-type":"","background-media":"","overlay-type":"","overlay-color":"","overlay-opacity":"","overlay-gradient":""}},"ast-content-background-meta":{"desktop":{"background-color":"var(--ast-global-color-5)","background-image":"","background-repeat":"repeat","background-position":"center center","background-size":"auto","background-attachment":"scroll","background-type":"","background-media":"","overlay-type":"","overlay-color":"","overlay-opacity":"","overlay-gradient":""},"tablet":{"background-color":"var(--ast-global-color-5)","background-image":"","background-repeat":"repeat","background-position":"center center","background-size":"auto","background-attachment":"scroll","background-type":"","background-media":"","overlay-type":"","overlay-color":"","overlay-opacity":"","overlay-gradient":""},"mobile":{"background-color":"var(--ast-global-color-5)","background-image":"","background-repeat":"repeat","background-position":"center center","background-size":"auto","background-attachment":"scroll","background-type":"","background-media":"","overlay-type":"","overlay-color":"","overlay-opacity":"","overlay-gradient":""}}},"product_brand":[],"product_cat":[48],"product_tag":[],"class_list":{"0":"post-2306","1":"product","2":"type-product","3":"status-publish","4":"has-post-thumbnail","6":"product_cat-gouda-15-kg-onderdelen","7":"desktop-align-left","8":"tablet-align-left","9":"mobile-align-left","11":"first","12":"instock","13":"taxable","14":"shipping-taxable","15":"purchasable","16":"product-type-simple"},"acf":[],"_links":{"self":[{"href":"https:\/\/kadovacheesemouldshop.com\/de\/wp-json\/wp\/v2\/product\/2306","targetHints":{"allow":["GET"]}}],"collection":[{"href":"https:\/\/kadovacheesemouldshop.com\/de\/wp-json\/wp\/v2\/product"}],"about":[{"href":"https:\/\/kadovacheesemouldshop.com\/de\/wp-json\/wp\/v2\/types\/product"}],"replies":[{"embeddable":true,"href":"https:\/\/kadovacheesemouldshop.com\/de\/wp-json\/wp\/v2\/comments?post=2306"}],"wp:featuredmedia":[{"embeddable":true,"href":"https:\/\/kadovacheesemouldshop.com\/de\/wp-json\/wp\/v2\/media\/2766"}],"wp:attachment":[{"href":"https:\/\/kadovacheesemouldshop.com\/de\/wp-json\/wp\/v2\/media?parent=2306"}],"wp:term":[{"taxonomy":"product_brand","embeddable":true,"href":"https:\/\/kadovacheesemouldshop.com\/de\/wp-json\/wp\/v2\/product_brand?post=2306"},{"taxonomy":"product_cat","embeddable":true,"href":"https:\/\/kadovacheesemouldshop.com\/de\/wp-json\/wp\/v2\/product_cat?post=2306"},{"taxonomy":"product_tag","embeddable":true,"href":"https:\/\/kadovacheesemouldshop.com\/de\/wp-json\/wp\/v2\/product_tag?post=2306"}],"curies":[{"name":"wp","href":"https:\/\/api.w.org\/{rel}","templated":true}]}}