{"id":2357,"date":"2020-04-21T12:17:28","date_gmt":"2020-04-21T12:17:28","guid":{"rendered":"https:\/\/kadovacheesemouldshop.com\/?post_type=product&#038;p=2357"},"modified":"2026-03-04T09:25:37","modified_gmt":"2026-03-04T09:25:37","slug":"kadova-edam-4-kg-vatnet","status":"publish","type":"product","link":"https:\/\/kadovacheesemouldshop.com\/de\/produkt\/kadova-edam-4-kg-vatnet\/","title":{"rendered":"Kadova\u00ae Mimolette Edam 4 kg Vatnet"},"content":{"rendered":"<p>Het net is passend voor het Edam (Mimolette) 4 kg vat.<\/p>\n<p>Het net is <u>volledig gemaakt\u00a0uit kunststof<\/u>.<br \/>\nDe voor de productie van het net gebruikte grondstoffen zijn <u>goedgekeurd voor direct contact met voedingsmiddelen.<br \/>\n<\/u><br \/>\nHet net zorgt voor de <u>drainage van de wei, <\/u>voor de <u>vorming van de korst en tevens voor <\/u>een <u>gladde korst<\/u> die <u>vrij is van doekvouwen<\/u>.<br \/>\nHet net kan eenvoudig uit het vat verwijderd worden, en op dezelfde wijze weer teruggeplaatst worden.<br \/>\nNet als dit net kunnen ook de overige onderdelen van de Edam (Mimolette) 4 kg kaasvorm los nabesteld worden. Deze onderdelen vindt u terug in deze webshop.<\/p>\n<p class=\"translation-block\">Reinigung.\nDurch Zerlegen des Formnetzes und des Deckelnetzes k\u00f6nnen die 4 Teile separat gereinigt werden. Die Reinigung erfolgt, indem jedes Teil \u00fcber Nacht in einer Reinigungsfl\u00fcssigkeit eingeweicht wird. Verwenden Sie f\u00fcr ein besseres Ergebnis eine B\u00fcrste, um die Reinigung zu vertiefen. Die Temperatur der Reinigungsfl\u00fcssigkeit aufgrund anf\u00e4lliger Systeme und Netzwerke darf 55 \u00b0 C nicht \u00fcberschreiten.<\/p>\n<p class=\"translation-block\"><strong><u>Zus\u00e4tzliche Information?<\/u><\/strong><br>\n\nWenn Sie zus\u00e4tzliche Informationen zu dieser K\u00e4seform ben\u00f6tigen, senden Sie uns bitte eine E-Mail an: <a href=\"mailto:info@kadovacheesemouldshop.com\" \/>info@kadovacheesemouldshop.com<\/a> oder verwenden Sie das Kontaktformular, das Sie in unserem Webshop finden.<\/p>","protected":false},"excerpt":{"rendered":"<p>Het net is passend voor het Edam (Mimolette) 4 kg vat.<\/p>\n<p>&nbsp;<\/p>","protected":false},"featured_media":2778,"comment_status":"open","ping_status":"closed","template":"","meta":{"_acf_changed":false,"site-sidebar-layout":"default","site-content-layout":"default","ast-site-content-layout":"default","site-content-style":"default","site-sidebar-style":"default","ast-global-header-display":"","ast-banner-title-visibility":"","ast-main-header-display":"","ast-hfb-above-header-display":"","ast-hfb-below-header-display":"","ast-hfb-mobile-header-display":"","site-post-title":"","ast-breadcrumbs-content":"","ast-featured-img":"","footer-sml-layout":"","ast-disable-related-posts":"","theme-transparent-header-meta":"default","adv-header-id-meta":"","stick-header-meta":"","header-above-stick-meta":"","header-main-stick-meta":"","header-below-stick-meta":"","astra-migrate-meta-layouts":"default","ast-page-background-enabled":"default","ast-page-background-meta":{"desktop":{"background-color":"","background-image":"","background-repeat":"repeat","background-position":"center center","background-size":"auto","background-attachment":"scroll","background-type":"","background-media":"","overlay-type":"","overlay-color":"","overlay-opacity":"","overlay-gradient":""},"tablet":{"background-color":"","background-image":"","background-repeat":"repeat","background-position":"center center","background-size":"auto","background-attachment":"scroll","background-type":"","background-media":"","overlay-type":"","overlay-color":"","overlay-opacity":"","overlay-gradient":""},"mobile":{"background-color":"","background-image":"","background-repeat":"repeat","background-position":"center center","background-size":"auto","background-attachment":"scroll","background-type":"","background-media":"","overlay-type":"","overlay-color":"","overlay-opacity":"","overlay-gradient":""}},"ast-content-background-meta":{"desktop":{"background-color":"var(--ast-global-color-5)","background-image":"","background-repeat":"repeat","background-position":"center center","background-size":"auto","background-attachment":"scroll","background-type":"","background-media":"","overlay-type":"","overlay-color":"","overlay-opacity":"","overlay-gradient":""},"tablet":{"background-color":"var(--ast-global-color-5)","background-image":"","background-repeat":"repeat","background-position":"center center","background-size":"auto","background-attachment":"scroll","background-type":"","background-media":"","overlay-type":"","overlay-color":"","overlay-opacity":"","overlay-gradient":""},"mobile":{"background-color":"var(--ast-global-color-5)","background-image":"","background-repeat":"repeat","background-position":"center center","background-size":"auto","background-attachment":"scroll","background-type":"","background-media":"","overlay-type":"","overlay-color":"","overlay-opacity":"","overlay-gradient":""}}},"product_brand":[],"product_cat":[62],"product_tag":[],"class_list":{"0":"post-2357","1":"product","2":"type-product","3":"status-publish","4":"has-post-thumbnail","6":"product_cat-edam-mimolette-4-kg-onderdelen","7":"desktop-align-left","8":"tablet-align-left","9":"mobile-align-left","11":"first","12":"instock","13":"taxable","14":"shipping-taxable","15":"purchasable","16":"product-type-simple"},"acf":[],"_links":{"self":[{"href":"https:\/\/kadovacheesemouldshop.com\/de\/wp-json\/wp\/v2\/product\/2357","targetHints":{"allow":["GET"]}}],"collection":[{"href":"https:\/\/kadovacheesemouldshop.com\/de\/wp-json\/wp\/v2\/product"}],"about":[{"href":"https:\/\/kadovacheesemouldshop.com\/de\/wp-json\/wp\/v2\/types\/product"}],"replies":[{"embeddable":true,"href":"https:\/\/kadovacheesemouldshop.com\/de\/wp-json\/wp\/v2\/comments?post=2357"}],"wp:featuredmedia":[{"embeddable":true,"href":"https:\/\/kadovacheesemouldshop.com\/de\/wp-json\/wp\/v2\/media\/2778"}],"wp:attachment":[{"href":"https:\/\/kadovacheesemouldshop.com\/de\/wp-json\/wp\/v2\/media?parent=2357"}],"wp:term":[{"taxonomy":"product_brand","embeddable":true,"href":"https:\/\/kadovacheesemouldshop.com\/de\/wp-json\/wp\/v2\/product_brand?post=2357"},{"taxonomy":"product_cat","embeddable":true,"href":"https:\/\/kadovacheesemouldshop.com\/de\/wp-json\/wp\/v2\/product_cat?post=2357"},{"taxonomy":"product_tag","embeddable":true,"href":"https:\/\/kadovacheesemouldshop.com\/de\/wp-json\/wp\/v2\/product_tag?post=2357"}],"curies":[{"name":"wp","href":"https:\/\/api.w.org\/{rel}","templated":true}]}}