{"id":2370,"date":"2020-04-21T12:36:52","date_gmt":"2020-04-21T12:36:52","guid":{"rendered":"https:\/\/kadovacheesemouldshop.com\/?post_type=product&#038;p=2370"},"modified":"2026-03-03T18:01:53","modified_gmt":"2026-03-03T18:01:53","slug":"kadova-broodkaas-25-3-kg-volger","status":"publish","type":"product","link":"https:\/\/kadovacheesemouldshop.com\/de\/produkt\/kadova-broodkaas-25-3-kg-volger\/","title":{"rendered":"Kadova\u00ae Broodkaas 2,5 \u2013 3 kg Deckel"},"content":{"rendered":"<p>Der Kadova\u00ae Broodkaas-Deckel hat einen kleinen Radius von 15 mm und Molke-Drainagel\u00f6cher.<\/p>\n<p class=\"translation-block\">Der Deckel ist aus voll Kunststoff hergestellt worden. Die Rohstoffe, die f\u00fcr die Produktion der Deckel benutzt werden, sind f\u00fcr direkten Kontakt mit Nahrungsmitteln genehmigt worden.<br>\nGleich wie dieser Deckel k\u00f6nnen die anderen Bestandteile dieser K\u00e4seform separat geordnet werden. Die erforderlichen Bestandteile finden Sie in unserem Webshop.<\/p>\n<p class=\"translation-block\"><strong><u>Reinigung. <\/u><\/strong><br>\nDer Deckel kann gereinigt werden durch der Deckel \u00fcber Nacht in einer Reinigungsfl\u00fcssigkeit unter zu tauchen. Der Gebrauch einer B\u00fcrste verbessert das Endergebnis. \nDie Temperatur der Reinigungsfl\u00fcssigkeit darf die 80\u00b0C nicht \u00fcbersteigen.<\/p>\n<p class=\"translation-block\"><strong><u>Wenst u meer informatie?<br>\r\n<\/u><\/strong>Indien u meer informatie wenst over dit onderdeel dan kunt u een email sturen aan: <a href=\"mailto:info@kadovacheesemouldshop.com\" target=\"_self\">info@kadovacheesemouldshop.com<\/a> of u kunt het contactformulier invullen dat u vindt op onze site<\/p>","protected":false},"excerpt":{"rendered":"<p>Der Kadova\u00ae Broodkaas-Deckel hat einen kleinen Radius von 15 mm und Molke-Drainagel\u00f6cher.<\/p>","protected":false},"featured_media":2782,"comment_status":"open","ping_status":"closed","template":"","meta":{"_acf_changed":false,"site-sidebar-layout":"default","site-content-layout":"default","ast-site-content-layout":"default","site-content-style":"default","site-sidebar-style":"default","ast-global-header-display":"","ast-banner-title-visibility":"","ast-main-header-display":"","ast-hfb-above-header-display":"","ast-hfb-below-header-display":"","ast-hfb-mobile-header-display":"","site-post-title":"","ast-breadcrumbs-content":"","ast-featured-img":"","footer-sml-layout":"","ast-disable-related-posts":"","theme-transparent-header-meta":"default","adv-header-id-meta":"","stick-header-meta":"","header-above-stick-meta":"","header-main-stick-meta":"","header-below-stick-meta":"","astra-migrate-meta-layouts":"default","ast-page-background-enabled":"default","ast-page-background-meta":{"desktop":{"background-color":"","background-image":"","background-repeat":"repeat","background-position":"center center","background-size":"auto","background-attachment":"scroll","background-type":"","background-media":"","overlay-type":"","overlay-color":"","overlay-opacity":"","overlay-gradient":""},"tablet":{"background-color":"","background-image":"","background-repeat":"repeat","background-position":"center center","background-size":"auto","background-attachment":"scroll","background-type":"","background-media":"","overlay-type":"","overlay-color":"","overlay-opacity":"","overlay-gradient":""},"mobile":{"background-color":"","background-image":"","background-repeat":"repeat","background-position":"center center","background-size":"auto","background-attachment":"scroll","background-type":"","background-media":"","overlay-type":"","overlay-color":"","overlay-opacity":"","overlay-gradient":""}},"ast-content-background-meta":{"desktop":{"background-color":"var(--ast-global-color-5)","background-image":"","background-repeat":"repeat","background-position":"center center","background-size":"auto","background-attachment":"scroll","background-type":"","background-media":"","overlay-type":"","overlay-color":"","overlay-opacity":"","overlay-gradient":""},"tablet":{"background-color":"var(--ast-global-color-5)","background-image":"","background-repeat":"repeat","background-position":"center center","background-size":"auto","background-attachment":"scroll","background-type":"","background-media":"","overlay-type":"","overlay-color":"","overlay-opacity":"","overlay-gradient":""},"mobile":{"background-color":"var(--ast-global-color-5)","background-image":"","background-repeat":"repeat","background-position":"center center","background-size":"auto","background-attachment":"scroll","background-type":"","background-media":"","overlay-type":"","overlay-color":"","overlay-opacity":"","overlay-gradient":""}}},"product_brand":[],"product_cat":[37],"product_tag":[],"class_list":{"0":"post-2370","1":"product","2":"type-product","3":"status-publish","4":"has-post-thumbnail","6":"product_cat-broodkaas-onderdelen","7":"desktop-align-left","8":"tablet-align-left","9":"mobile-align-left","11":"first","12":"instock","13":"taxable","14":"shipping-taxable","15":"purchasable","16":"product-type-simple"},"acf":[],"_links":{"self":[{"href":"https:\/\/kadovacheesemouldshop.com\/de\/wp-json\/wp\/v2\/product\/2370","targetHints":{"allow":["GET"]}}],"collection":[{"href":"https:\/\/kadovacheesemouldshop.com\/de\/wp-json\/wp\/v2\/product"}],"about":[{"href":"https:\/\/kadovacheesemouldshop.com\/de\/wp-json\/wp\/v2\/types\/product"}],"replies":[{"embeddable":true,"href":"https:\/\/kadovacheesemouldshop.com\/de\/wp-json\/wp\/v2\/comments?post=2370"}],"wp:featuredmedia":[{"embeddable":true,"href":"https:\/\/kadovacheesemouldshop.com\/de\/wp-json\/wp\/v2\/media\/2782"}],"wp:attachment":[{"href":"https:\/\/kadovacheesemouldshop.com\/de\/wp-json\/wp\/v2\/media?parent=2370"}],"wp:term":[{"taxonomy":"product_brand","embeddable":true,"href":"https:\/\/kadovacheesemouldshop.com\/de\/wp-json\/wp\/v2\/product_brand?post=2370"},{"taxonomy":"product_cat","embeddable":true,"href":"https:\/\/kadovacheesemouldshop.com\/de\/wp-json\/wp\/v2\/product_cat?post=2370"},{"taxonomy":"product_tag","embeddable":true,"href":"https:\/\/kadovacheesemouldshop.com\/de\/wp-json\/wp\/v2\/product_tag?post=2370"}],"curies":[{"name":"wp","href":"https:\/\/api.w.org\/{rel}","templated":true}]}}