{"id":2373,"date":"2020-04-21T12:44:15","date_gmt":"2020-04-21T12:44:15","guid":{"rendered":"https:\/\/kadovacheesemouldshop.com\/?post_type=product&#038;p=2373"},"modified":"2026-03-03T18:03:01","modified_gmt":"2026-03-03T18:03:01","slug":"kadova-broodkaas-4-5-kg-vat","status":"publish","type":"product","link":"https:\/\/kadovacheesemouldshop.com\/de\/produkt\/kadova-broodkaas-4-5-kg-vat\/","title":{"rendered":"Kadova\u00ae Broodkaas 4\/5 kg Form"},"content":{"rendered":"<p>Der Form hat in den Ecken einen Radius von R = 15 mm.<\/p>\n<p class=\"translation-block\">Die Form hat Drainagel\u00f6cher in der Wand und am Boden zum Abtropfen der Molke. <br>\nDie Form besteht vollst\u00e4ndig aus Kunststoff <\/u>. <br>\nDie zur Herstellung der Form verwendeten Rohstoffe sind f\u00fcr den direkten Kontakt mit Lebensmitteln zugelassen. <br>\n<\/u><\/p>\n<p class=\"translation-block\">Genau wie dieser Form k\u00f6nnen auch die anderen Teile der 4 - 5 kg schweren K\u00e4seform separat bestellt werden. <br>\nSie finden diese Teile in diesem Webshop.<\/p>\n<p class=\"translation-block\"><strong><u>Reinigung. <\/u><\/strong><br>\nDer Form kann gereinigt werden durch die Form \u00fcber Nacht in einer Reinigungsfl\u00fcssigkeit unter zu tauchen. Der Gebrauch einer B\u00fcrste verbessert das Endergebnis. \nDie Temperatur der Reinigungsfl\u00fcssigkeit darf die 80\u00b0C nicht \u00fcbersteigen.<\/p>\n<p class=\"translation-block\"><strong><u>Zus\u00e4tzliche Information?<\/u><\/strong><br>\n\nWenn Sie zus\u00e4tzliche Informationen zu dieser K\u00e4seform ben\u00f6tigen, senden Sie uns bitte eine E-Mail an: <a href=\"mailto:info@kadovacheesemouldshop.com\" \/>info@kadovacheesemouldshop.com<\/a> oder verwenden Sie das Kontaktformular, das Sie in unserem Webshop finden.<\/p>","protected":false},"excerpt":{"rendered":"<p>Der Form hat in den Ecken einen Radius von R = 15 mm.<\/p>\n<p>&nbsp;<\/p>","protected":false},"featured_media":2781,"comment_status":"open","ping_status":"closed","template":"","meta":{"_acf_changed":false,"site-sidebar-layout":"default","site-content-layout":"default","ast-site-content-layout":"default","site-content-style":"default","site-sidebar-style":"default","ast-global-header-display":"","ast-banner-title-visibility":"","ast-main-header-display":"","ast-hfb-above-header-display":"","ast-hfb-below-header-display":"","ast-hfb-mobile-header-display":"","site-post-title":"","ast-breadcrumbs-content":"","ast-featured-img":"","footer-sml-layout":"","ast-disable-related-posts":"","theme-transparent-header-meta":"default","adv-header-id-meta":"","stick-header-meta":"","header-above-stick-meta":"","header-main-stick-meta":"","header-below-stick-meta":"","astra-migrate-meta-layouts":"default","ast-page-background-enabled":"default","ast-page-background-meta":{"desktop":{"background-color":"","background-image":"","background-repeat":"repeat","background-position":"center center","background-size":"auto","background-attachment":"scroll","background-type":"","background-media":"","overlay-type":"","overlay-color":"","overlay-opacity":"","overlay-gradient":""},"tablet":{"background-color":"","background-image":"","background-repeat":"repeat","background-position":"center center","background-size":"auto","background-attachment":"scroll","background-type":"","background-media":"","overlay-type":"","overlay-color":"","overlay-opacity":"","overlay-gradient":""},"mobile":{"background-color":"","background-image":"","background-repeat":"repeat","background-position":"center center","background-size":"auto","background-attachment":"scroll","background-type":"","background-media":"","overlay-type":"","overlay-color":"","overlay-opacity":"","overlay-gradient":""}},"ast-content-background-meta":{"desktop":{"background-color":"var(--ast-global-color-5)","background-image":"","background-repeat":"repeat","background-position":"center center","background-size":"auto","background-attachment":"scroll","background-type":"","background-media":"","overlay-type":"","overlay-color":"","overlay-opacity":"","overlay-gradient":""},"tablet":{"background-color":"var(--ast-global-color-5)","background-image":"","background-repeat":"repeat","background-position":"center center","background-size":"auto","background-attachment":"scroll","background-type":"","background-media":"","overlay-type":"","overlay-color":"","overlay-opacity":"","overlay-gradient":""},"mobile":{"background-color":"var(--ast-global-color-5)","background-image":"","background-repeat":"repeat","background-position":"center center","background-size":"auto","background-attachment":"scroll","background-type":"","background-media":"","overlay-type":"","overlay-color":"","overlay-opacity":"","overlay-gradient":""}}},"product_brand":[],"product_cat":[37],"product_tag":[],"class_list":{"0":"post-2373","1":"product","2":"type-product","3":"status-publish","4":"has-post-thumbnail","6":"product_cat-broodkaas-onderdelen","7":"desktop-align-left","8":"tablet-align-left","9":"mobile-align-left","11":"first","12":"instock","13":"taxable","14":"shipping-taxable","15":"purchasable","16":"product-type-simple"},"acf":[],"_links":{"self":[{"href":"https:\/\/kadovacheesemouldshop.com\/de\/wp-json\/wp\/v2\/product\/2373","targetHints":{"allow":["GET"]}}],"collection":[{"href":"https:\/\/kadovacheesemouldshop.com\/de\/wp-json\/wp\/v2\/product"}],"about":[{"href":"https:\/\/kadovacheesemouldshop.com\/de\/wp-json\/wp\/v2\/types\/product"}],"replies":[{"embeddable":true,"href":"https:\/\/kadovacheesemouldshop.com\/de\/wp-json\/wp\/v2\/comments?post=2373"}],"wp:featuredmedia":[{"embeddable":true,"href":"https:\/\/kadovacheesemouldshop.com\/de\/wp-json\/wp\/v2\/media\/2781"}],"wp:attachment":[{"href":"https:\/\/kadovacheesemouldshop.com\/de\/wp-json\/wp\/v2\/media?parent=2373"}],"wp:term":[{"taxonomy":"product_brand","embeddable":true,"href":"https:\/\/kadovacheesemouldshop.com\/de\/wp-json\/wp\/v2\/product_brand?post=2373"},{"taxonomy":"product_cat","embeddable":true,"href":"https:\/\/kadovacheesemouldshop.com\/de\/wp-json\/wp\/v2\/product_cat?post=2373"},{"taxonomy":"product_tag","embeddable":true,"href":"https:\/\/kadovacheesemouldshop.com\/de\/wp-json\/wp\/v2\/product_tag?post=2373"}],"curies":[{"name":"wp","href":"https:\/\/api.w.org\/{rel}","templated":true}]}}