{"id":2158,"date":"2020-03-20T12:06:02","date_gmt":"2020-03-20T12:06:02","guid":{"rendered":"https:\/\/kadovacheesemouldshop.com\/?post_type=product&#038;p=2158"},"modified":"2026-05-08T14:18:22","modified_gmt":"2026-05-08T14:18:22","slug":"baby-gouda-200-gram-volger","status":"publish","type":"product","link":"https:\/\/kadovacheesemouldshop.com\/es\/producto\/baby-gouda-200-gram-volger\/","title":{"rendered":"Baby Gouda 200 gram Tapa"},"content":{"rendered":"<p>La tapa Kadova\u00ae Baby Gouda 300 gramos se ejecuta con la forma Gouda y tiene orificios de drenaje de suero.<\/p>\n<p class=\"translation-block\">La tapa est\u00e1 hecha completamente de pl\u00e1stico.\nLas materias primas utilizadas en la producci\u00f3n de la tapa est\u00e1n aprobadas para el contacto directo con alimentos.\nAl igual que esta tapa, las otras partes del molde de queso Baby Gouda de 300 gramos tambi\u00e9n se pueden pedir por separado.\nPuede encontrar estas piezas en nuestra tienda web.<\/p>\n<p class=\"translation-block\"><strong> <u> Limpieza. <\/u> <\/strong> <br>\nLa tapa se puede limpiar por separado. Esto puede tener lugar sumergiendo el molde durante la noche en un l\u00edquido de limpieza. El uso de un cepillo mejora el resultado final. En caso de limpiar solo la tapa, la temperatura del l\u00edquido de limpieza no puede superar los 80 \u00b0 C.<\/p>\n<p class=\"translation-block\"><strong><u>Te gustar\u00eda m\u00e1s informaci\u00f3n?<\/u><\/strong><br>\nSi desea obtener m\u00e1s informaci\u00f3n sobre este molde de queso, env\u00ede un correo electr\u00f3nico a:  <a href=\"mailto:info@kadovacheesemouldshop.com\" \/>info@kadovacheesemouldshop.com<\/a> o complete el formulario de contacto en nuestro sitio web.<\/p>","protected":false},"excerpt":{"rendered":"<p>La tapa Kadova\u00ae Baby Gouda 300 gramos se ejecuta con la forma Gouda y tiene orificios de drenaje de suero.<\/p>","protected":false},"featured_media":2754,"comment_status":"open","ping_status":"closed","template":"","meta":{"_acf_changed":false,"site-sidebar-layout":"no-sidebar","site-content-layout":"default","ast-site-content-layout":"default","site-content-style":"default","site-sidebar-style":"default","ast-global-header-display":"","ast-banner-title-visibility":"","ast-main-header-display":"","ast-hfb-above-header-display":"","ast-hfb-below-header-display":"","ast-hfb-mobile-header-display":"","site-post-title":"","ast-breadcrumbs-content":"","ast-featured-img":"","footer-sml-layout":"","ast-disable-related-posts":"","theme-transparent-header-meta":"default","adv-header-id-meta":"","stick-header-meta":"","header-above-stick-meta":"","header-main-stick-meta":"","header-below-stick-meta":"","astra-migrate-meta-layouts":"default","ast-page-background-enabled":"default","ast-page-background-meta":{"desktop":{"background-color":"","background-image":"","background-repeat":"repeat","background-position":"center center","background-size":"auto","background-attachment":"scroll","background-type":"","background-media":"","overlay-type":"","overlay-color":"","overlay-opacity":"","overlay-gradient":""},"tablet":{"background-color":"","background-image":"","background-repeat":"repeat","background-position":"center center","background-size":"auto","background-attachment":"scroll","background-type":"","background-media":"","overlay-type":"","overlay-color":"","overlay-opacity":"","overlay-gradient":""},"mobile":{"background-color":"","background-image":"","background-repeat":"repeat","background-position":"center center","background-size":"auto","background-attachment":"scroll","background-type":"","background-media":"","overlay-type":"","overlay-color":"","overlay-opacity":"","overlay-gradient":""}},"ast-content-background-meta":{"desktop":{"background-color":"var(--ast-global-color-5)","background-image":"","background-repeat":"repeat","background-position":"center center","background-size":"auto","background-attachment":"scroll","background-type":"","background-media":"","overlay-type":"","overlay-color":"","overlay-opacity":"","overlay-gradient":""},"tablet":{"background-color":"var(--ast-global-color-5)","background-image":"","background-repeat":"repeat","background-position":"center center","background-size":"auto","background-attachment":"scroll","background-type":"","background-media":"","overlay-type":"","overlay-color":"","overlay-opacity":"","overlay-gradient":""},"mobile":{"background-color":"var(--ast-global-color-5)","background-image":"","background-repeat":"repeat","background-position":"center center","background-size":"auto","background-attachment":"scroll","background-type":"","background-media":"","overlay-type":"","overlay-color":"","overlay-opacity":"","overlay-gradient":""}}},"product_brand":[],"product_cat":[54,34],"product_tag":[],"class_list":{"0":"post-2158","1":"product","2":"type-product","3":"status-publish","4":"has-post-thumbnail","6":"product_cat-baby-gouda-200-gram-onderdelen","7":"product_cat-baby-gouda-onderdelen","8":"desktop-align-left","9":"tablet-align-left","10":"mobile-align-left","12":"first","13":"instock","14":"taxable","15":"shipping-taxable","16":"purchasable","17":"product-type-simple"},"acf":[],"_links":{"self":[{"href":"https:\/\/kadovacheesemouldshop.com\/es\/wp-json\/wp\/v2\/product\/2158","targetHints":{"allow":["GET"]}}],"collection":[{"href":"https:\/\/kadovacheesemouldshop.com\/es\/wp-json\/wp\/v2\/product"}],"about":[{"href":"https:\/\/kadovacheesemouldshop.com\/es\/wp-json\/wp\/v2\/types\/product"}],"replies":[{"embeddable":true,"href":"https:\/\/kadovacheesemouldshop.com\/es\/wp-json\/wp\/v2\/comments?post=2158"}],"wp:featuredmedia":[{"embeddable":true,"href":"https:\/\/kadovacheesemouldshop.com\/es\/wp-json\/wp\/v2\/media\/2754"}],"wp:attachment":[{"href":"https:\/\/kadovacheesemouldshop.com\/es\/wp-json\/wp\/v2\/media?parent=2158"}],"wp:term":[{"taxonomy":"product_brand","embeddable":true,"href":"https:\/\/kadovacheesemouldshop.com\/es\/wp-json\/wp\/v2\/product_brand?post=2158"},{"taxonomy":"product_cat","embeddable":true,"href":"https:\/\/kadovacheesemouldshop.com\/es\/wp-json\/wp\/v2\/product_cat?post=2158"},{"taxonomy":"product_tag","embeddable":true,"href":"https:\/\/kadovacheesemouldshop.com\/es\/wp-json\/wp\/v2\/product_tag?post=2158"}],"curies":[{"name":"wp","href":"https:\/\/api.w.org\/{rel}","templated":true}]}}