{"id":2166,"date":"2020-03-21T14:32:23","date_gmt":"2020-03-21T14:32:23","guid":{"rendered":"https:\/\/kadovacheesemouldshop.com\/?post_type=product&#038;p=2166"},"modified":"2026-03-03T17:38:14","modified_gmt":"2026-03-03T17:38:14","slug":"gouda-15-2-kg-kaasvorm","status":"publish","type":"product","link":"https:\/\/kadovacheesemouldshop.com\/es\/producto\/gouda-15-2-kg-kaasvorm\/","title":{"rendered":"Kadova\u00ae Gouda 1,5 \u2013 2 kg Molde para Queso"},"content":{"rendered":"<p>El molde Kadova\u00ae Gouda 1,5 \u2013 2 kg tiene un diametro interior de 180 mm y un radi de 30 mm<br \/>\nCon este molde se puede hacer un queso de 1400 a 2200 gramos dependiendo de la cantidad de cuajada puesta en el molde.<\/p>\n<p class=\"translation-block\">El molde est\u00e1 hecho completamente de material sint\u00e9tico. El material virgen usado para la producci\u00f3n de este molde est\u00e1 aprobado para el contacto directo con alimentos. \n\nEl molde consiste en cuatro partes: el molde, la red del molde, la tapa y la red de la tapa. \nLas redes tambi\u00e9n est\u00e1n hechas de material sint\u00e9tico. Estas redes hacen el drenaje del suero y la formaci\u00f3n de la corteza, y adem\u00e1s aseguran una corteza lisa libre de pliegues.<\/p>\n<p class=\"translation-block\"><strong><u> Limpieza. <\/u><\/strong><br> \nDesmontando la red del molde y la red de la tapa, se pueden limpiar las 4 partes por separado. La limpieza se realiza dejando cada una de las partes en remojo en un l\u00edquido de limpieza durante una noche. Para un mejor resultado use un cepillo para profundizar la limpieza.  \nLa temperatura del l\u00edquido de limpieza debido a los sistemas vulnerables, las redes, no podr\u00e1 ser superior a 55\u00b0C.<\/p>\n<p class=\"translation-block\"><strong><u>Meer informatie?<br>\r\n<\/u><\/strong>Indien u meer informatie wenst over deze kaasvorm kunt u een email sturen aan: <a href=\"mailto:info@kadovacheesemouldshop.com\" target=\"_self\">info@kadovacheesemouldshop.com<\/a> of u kunt het contactformulier op onze site invullen.<\/p>","protected":false},"excerpt":{"rendered":"<p>El molde Kadova\u00ae Gouda 1,5 \u2013 2 kg tiene un diametro interior de 180 mm y un radi de 30 mm<br \/>\nCon este molde se puede hacer un queso de 1400 a 2200 gramos dependiendo de la cantidad de cuajada puesta en el molde.<\/p>","protected":false},"featured_media":2760,"comment_status":"open","ping_status":"closed","template":"","meta":{"_acf_changed":false,"site-sidebar-layout":"default","site-content-layout":"default","ast-site-content-layout":"default","site-content-style":"default","site-sidebar-style":"default","ast-global-header-display":"","ast-banner-title-visibility":"","ast-main-header-display":"","ast-hfb-above-header-display":"","ast-hfb-below-header-display":"","ast-hfb-mobile-header-display":"","site-post-title":"","ast-breadcrumbs-content":"","ast-featured-img":"","footer-sml-layout":"","ast-disable-related-posts":"","theme-transparent-header-meta":"default","adv-header-id-meta":"","stick-header-meta":"","header-above-stick-meta":"","header-main-stick-meta":"","header-below-stick-meta":"","astra-migrate-meta-layouts":"default","ast-page-background-enabled":"default","ast-page-background-meta":{"desktop":{"background-color":"","background-image":"","background-repeat":"repeat","background-position":"center center","background-size":"auto","background-attachment":"scroll","background-type":"","background-media":"","overlay-type":"","overlay-color":"","overlay-opacity":"","overlay-gradient":""},"tablet":{"background-color":"","background-image":"","background-repeat":"repeat","background-position":"center center","background-size":"auto","background-attachment":"scroll","background-type":"","background-media":"","overlay-type":"","overlay-color":"","overlay-opacity":"","overlay-gradient":""},"mobile":{"background-color":"","background-image":"","background-repeat":"repeat","background-position":"center center","background-size":"auto","background-attachment":"scroll","background-type":"","background-media":"","overlay-type":"","overlay-color":"","overlay-opacity":"","overlay-gradient":""}},"ast-content-background-meta":{"desktop":{"background-color":"var(--ast-global-color-5)","background-image":"","background-repeat":"repeat","background-position":"center center","background-size":"auto","background-attachment":"scroll","background-type":"","background-media":"","overlay-type":"","overlay-color":"","overlay-opacity":"","overlay-gradient":""},"tablet":{"background-color":"var(--ast-global-color-5)","background-image":"","background-repeat":"repeat","background-position":"center center","background-size":"auto","background-attachment":"scroll","background-type":"","background-media":"","overlay-type":"","overlay-color":"","overlay-opacity":"","overlay-gradient":""},"mobile":{"background-color":"var(--ast-global-color-5)","background-image":"","background-repeat":"repeat","background-position":"center center","background-size":"auto","background-attachment":"scroll","background-type":"","background-media":"","overlay-type":"","overlay-color":"","overlay-opacity":"","overlay-gradient":""}}},"product_brand":[],"product_cat":[26,56],"product_tag":[],"class_list":{"0":"post-2166","1":"product","2":"type-product","3":"status-publish","4":"has-post-thumbnail","6":"product_cat-gouda","7":"product_cat-gouda-1-5-2-kg","8":"desktop-align-left","9":"tablet-align-left","10":"mobile-align-left","12":"first","13":"instock","14":"taxable","15":"shipping-taxable","16":"purchasable","17":"product-type-simple"},"acf":[],"_links":{"self":[{"href":"https:\/\/kadovacheesemouldshop.com\/es\/wp-json\/wp\/v2\/product\/2166","targetHints":{"allow":["GET"]}}],"collection":[{"href":"https:\/\/kadovacheesemouldshop.com\/es\/wp-json\/wp\/v2\/product"}],"about":[{"href":"https:\/\/kadovacheesemouldshop.com\/es\/wp-json\/wp\/v2\/types\/product"}],"replies":[{"embeddable":true,"href":"https:\/\/kadovacheesemouldshop.com\/es\/wp-json\/wp\/v2\/comments?post=2166"}],"wp:featuredmedia":[{"embeddable":true,"href":"https:\/\/kadovacheesemouldshop.com\/es\/wp-json\/wp\/v2\/media\/2760"}],"wp:attachment":[{"href":"https:\/\/kadovacheesemouldshop.com\/es\/wp-json\/wp\/v2\/media?parent=2166"}],"wp:term":[{"taxonomy":"product_brand","embeddable":true,"href":"https:\/\/kadovacheesemouldshop.com\/es\/wp-json\/wp\/v2\/product_brand?post=2166"},{"taxonomy":"product_cat","embeddable":true,"href":"https:\/\/kadovacheesemouldshop.com\/es\/wp-json\/wp\/v2\/product_cat?post=2166"},{"taxonomy":"product_tag","embeddable":true,"href":"https:\/\/kadovacheesemouldshop.com\/es\/wp-json\/wp\/v2\/product_tag?post=2166"}],"curies":[{"name":"wp","href":"https:\/\/api.w.org\/{rel}","templated":true}]}}