{"id":2205,"date":"2020-03-26T18:08:51","date_gmt":"2020-03-26T18:08:51","guid":{"rendered":"https:\/\/kadovacheesemouldshop.com\/?post_type=product&#038;p=2205"},"modified":"2026-03-03T18:22:38","modified_gmt":"2026-03-03T18:22:38","slug":"kadova-cilindrisch-d256-h181-mm-kaasvorm","status":"publish","type":"product","link":"https:\/\/kadovacheesemouldshop.com\/es\/producto\/kadova-cilindrisch-d256-h181-mm-kaasvorm\/","title":{"rendered":"Kadova\u00ae Cilindrico D256 H181 mm Molde para queso"},"content":{"rendered":"<p>Este molde para queso Kadova\u00ae cil\u00edndrico de 256 mm de altura y 181 mm tiene un di\u00e1metro interno de 256 mm y una altura externa de 181 mm.<br \/>\nEn la parte inferior, el molde tiene un radio peque\u00f1o de 5 mm, la tapa es plana.\nNota: el molde y la tapa no tienen el patr\u00f3n tradicional manchego, tanto el molde como la tapa tienen una superficie de contacto liso.<br \/>\nCon este molde se puede hacer un queso de \n4,5 - 6,2 kg dependiendo de la cantidad de cuajada puesta en el molde.<\/p>\n<p class=\"translation-block\">El molde de queso Kadova\u00ae ha sido hecho completamente de pl\u00e1stico. Las materias primas utilizadas para la producci\u00f3n del molde de queso han sido aprobadas para el contacto directo con alimentos. <br> <\/u> <br> El molde de queso consta de 4 partes: molde, red de molde, tapa y red de tapa. Las redes tambi\u00e9n han sido completamente hechas de pl\u00e1stico. Las redes aseguran el drenaje del suero y el moldeado de la corteza. El uso de las redes proporciona una hermosa corteza lisa, sin ning\u00fan argumento. Las redes se pueden quitar del molde y de la tapa. Las cuatro piezas de repuesto del molde de queso se pueden pedir por separado. Las piezas requeridas se pueden encontrar en nuestra tienda web.<\/p>\n<p class=\"translation-block\"><strong><u> Limpieza. <\/u><\/strong><br> \nDesmontando la red del molde y la red de la tapa, se pueden limpiar las 4 partes por separado. La limpieza se realiza dejando cada una de las partes en remojo en un l\u00edquido de limpieza durante una noche. Para un mejor resultado use un cepillo para profundizar la limpieza.  \nLa temperatura del l\u00edquido de limpieza debido a los sistemas vulnerables, las redes, no podr\u00e1 ser superior a 55\u00b0C.<\/p>\n<p class=\"translation-block\"><strong><u>Te gustar\u00eda m\u00e1s informaci\u00f3n?<\/u><\/strong><br>\nSi desea obtener m\u00e1s informaci\u00f3n sobre este molde de queso, env\u00ede un correo electr\u00f3nico a:  <a href=\"mailto:info@kadovacheesemouldshop.com\" \/>info@kadovacheesemouldshop.com<\/a> o complete el formulario de contacto en nuestro sitio.<\/p>","protected":false},"excerpt":{"rendered":"<p>Este molde para queso Kadova\u00ae cil\u00edndrico de 256 mm de altura y 181 mm tiene un di\u00e1metro interno de 256 mm y una altura externa de 181 mm.<br \/>\nEn la parte inferior, el molde tiene un radio peque\u00f1o de 5 mm, la tapa es plana.\nNota: el molde y la tapa no tienen el patr\u00f3n tradicional manchego, tanto el molde como la tapa tienen una superficie de contacto liso.<br \/>\nCon este molde se puede hacer un queso de \n4,5 - 6,2 kg dependiendo de la cantidad de cuajada puesta en el molde.<\/p>","protected":false},"featured_media":2800,"comment_status":"open","ping_status":"closed","template":"","meta":{"_acf_changed":false,"site-sidebar-layout":"default","site-content-layout":"default","ast-site-content-layout":"default","site-content-style":"default","site-sidebar-style":"default","ast-global-header-display":"","ast-banner-title-visibility":"","ast-main-header-display":"","ast-hfb-above-header-display":"","ast-hfb-below-header-display":"","ast-hfb-mobile-header-display":"","site-post-title":"","ast-breadcrumbs-content":"","ast-featured-img":"","footer-sml-layout":"","ast-disable-related-posts":"","theme-transparent-header-meta":"default","adv-header-id-meta":"","stick-header-meta":"","header-above-stick-meta":"","header-main-stick-meta":"","header-below-stick-meta":"","astra-migrate-meta-layouts":"default","ast-page-background-enabled":"default","ast-page-background-meta":{"desktop":{"background-color":"","background-image":"","background-repeat":"repeat","background-position":"center center","background-size":"auto","background-attachment":"scroll","background-type":"","background-media":"","overlay-type":"","overlay-color":"","overlay-opacity":"","overlay-gradient":""},"tablet":{"background-color":"","background-image":"","background-repeat":"repeat","background-position":"center center","background-size":"auto","background-attachment":"scroll","background-type":"","background-media":"","overlay-type":"","overlay-color":"","overlay-opacity":"","overlay-gradient":""},"mobile":{"background-color":"","background-image":"","background-repeat":"repeat","background-position":"center center","background-size":"auto","background-attachment":"scroll","background-type":"","background-media":"","overlay-type":"","overlay-color":"","overlay-opacity":"","overlay-gradient":""}},"ast-content-background-meta":{"desktop":{"background-color":"var(--ast-global-color-5)","background-image":"","background-repeat":"repeat","background-position":"center center","background-size":"auto","background-attachment":"scroll","background-type":"","background-media":"","overlay-type":"","overlay-color":"","overlay-opacity":"","overlay-gradient":""},"tablet":{"background-color":"var(--ast-global-color-5)","background-image":"","background-repeat":"repeat","background-position":"center center","background-size":"auto","background-attachment":"scroll","background-type":"","background-media":"","overlay-type":"","overlay-color":"","overlay-opacity":"","overlay-gradient":""},"mobile":{"background-color":"var(--ast-global-color-5)","background-image":"","background-repeat":"repeat","background-position":"center center","background-size":"auto","background-attachment":"scroll","background-type":"","background-media":"","overlay-type":"","overlay-color":"","overlay-opacity":"","overlay-gradient":""}}},"product_brand":[],"product_cat":[31],"product_tag":[],"class_list":{"0":"post-2205","1":"product","2":"type-product","3":"status-publish","4":"has-post-thumbnail","6":"product_cat-cilindrisch","7":"desktop-align-left","8":"tablet-align-left","9":"mobile-align-left","11":"first","12":"instock","13":"taxable","14":"shipping-taxable","15":"purchasable","16":"product-type-simple"},"acf":[],"_links":{"self":[{"href":"https:\/\/kadovacheesemouldshop.com\/es\/wp-json\/wp\/v2\/product\/2205","targetHints":{"allow":["GET"]}}],"collection":[{"href":"https:\/\/kadovacheesemouldshop.com\/es\/wp-json\/wp\/v2\/product"}],"about":[{"href":"https:\/\/kadovacheesemouldshop.com\/es\/wp-json\/wp\/v2\/types\/product"}],"replies":[{"embeddable":true,"href":"https:\/\/kadovacheesemouldshop.com\/es\/wp-json\/wp\/v2\/comments?post=2205"}],"wp:featuredmedia":[{"embeddable":true,"href":"https:\/\/kadovacheesemouldshop.com\/es\/wp-json\/wp\/v2\/media\/2800"}],"wp:attachment":[{"href":"https:\/\/kadovacheesemouldshop.com\/es\/wp-json\/wp\/v2\/media?parent=2205"}],"wp:term":[{"taxonomy":"product_brand","embeddable":true,"href":"https:\/\/kadovacheesemouldshop.com\/es\/wp-json\/wp\/v2\/product_brand?post=2205"},{"taxonomy":"product_cat","embeddable":true,"href":"https:\/\/kadovacheesemouldshop.com\/es\/wp-json\/wp\/v2\/product_cat?post=2205"},{"taxonomy":"product_tag","embeddable":true,"href":"https:\/\/kadovacheesemouldshop.com\/es\/wp-json\/wp\/v2\/product_tag?post=2205"}],"curies":[{"name":"wp","href":"https:\/\/api.w.org\/{rel}","templated":true}]}}