{"id":2306,"date":"2020-04-13T07:48:18","date_gmt":"2020-04-13T07:48:18","guid":{"rendered":"https:\/\/kadovacheesemouldshop.com\/?post_type=product&#038;p=2306"},"modified":"2026-03-03T17:49:27","modified_gmt":"2026-03-03T17:49:27","slug":"kadova-gouda-15-kg-vat","status":"publish","type":"product","link":"https:\/\/kadovacheesemouldshop.com\/es\/producto\/kadova-gouda-15-kg-vat\/","title":{"rendered":"Kadova\u00ae Gouda 15 kg Molde"},"content":{"rendered":"<p>El molde Kadova\u00ae esta redondeada con un radio de R = 40 mm<br \/>\nEl molde est\u00e1 provisto de orificios de drenaje en la pared y el fondo para el drenaje del suero.<\/p>\n<p class=\"translation-block\">El molde est\u00e1 hecho de pl\u00e1stico. \nLas materias primas utilizadas para la producci\u00f3n del molde han sido aprobadas para el contacto directo con los alimentos.<\/p>\n<p class=\"translation-block\">Net als dit vat kunnen ook de overige onderdelen van de Gouda 15 kg kaasvorm los nabesteld worden.<br>\r\nDeze onderdelen vindt u terug in deze webshop.<\/p>\n<p class=\"translation-block\"><strong> <u> Limpieza. <\/u> <\/strong> <br>\nEl molde se puede limpiar por separado. Esto puede tener lugar sumergiendo el molde durante la noche en un l\u00edquido de limpieza. El uso de un cepillo mejora el resultado final. En caso de limpiar solo el molde, la temperatura del l\u00edquido de limpieza no puede superar los 80 \u00b0 C.<\/p>\n<p class=\"translation-block\"><strong><u>Te gustar\u00eda m\u00e1s informaci\u00f3n?<\/u><\/strong><br>\nSi desea obtener m\u00e1s informaci\u00f3n sobre este molde de queso, env\u00ede un correo electr\u00f3nico a:  <a href=\"mailto:info@kadovacheesemouldshop.com\" \/>info@kadovacheesemouldshop.com<\/a> o complete el formulario de contacto en nuestro sitio web.<\/p>","protected":false},"excerpt":{"rendered":"<p>El molde Kadova\u00ae esta redondeada con un radio de R = 40 mm<br \/>\nEl molde est\u00e1 provisto de orificios de drenaje en la pared y el fondo para el drenaje del suero.<\/p>","protected":false},"featured_media":2766,"comment_status":"open","ping_status":"closed","template":"","meta":{"_acf_changed":false,"site-sidebar-layout":"default","site-content-layout":"default","ast-site-content-layout":"default","site-content-style":"default","site-sidebar-style":"default","ast-global-header-display":"","ast-banner-title-visibility":"","ast-main-header-display":"","ast-hfb-above-header-display":"","ast-hfb-below-header-display":"","ast-hfb-mobile-header-display":"","site-post-title":"","ast-breadcrumbs-content":"","ast-featured-img":"","footer-sml-layout":"","ast-disable-related-posts":"","theme-transparent-header-meta":"default","adv-header-id-meta":"","stick-header-meta":"","header-above-stick-meta":"","header-main-stick-meta":"","header-below-stick-meta":"","astra-migrate-meta-layouts":"default","ast-page-background-enabled":"default","ast-page-background-meta":{"desktop":{"background-color":"","background-image":"","background-repeat":"repeat","background-position":"center center","background-size":"auto","background-attachment":"scroll","background-type":"","background-media":"","overlay-type":"","overlay-color":"","overlay-opacity":"","overlay-gradient":""},"tablet":{"background-color":"","background-image":"","background-repeat":"repeat","background-position":"center center","background-size":"auto","background-attachment":"scroll","background-type":"","background-media":"","overlay-type":"","overlay-color":"","overlay-opacity":"","overlay-gradient":""},"mobile":{"background-color":"","background-image":"","background-repeat":"repeat","background-position":"center center","background-size":"auto","background-attachment":"scroll","background-type":"","background-media":"","overlay-type":"","overlay-color":"","overlay-opacity":"","overlay-gradient":""}},"ast-content-background-meta":{"desktop":{"background-color":"var(--ast-global-color-5)","background-image":"","background-repeat":"repeat","background-position":"center center","background-size":"auto","background-attachment":"scroll","background-type":"","background-media":"","overlay-type":"","overlay-color":"","overlay-opacity":"","overlay-gradient":""},"tablet":{"background-color":"var(--ast-global-color-5)","background-image":"","background-repeat":"repeat","background-position":"center center","background-size":"auto","background-attachment":"scroll","background-type":"","background-media":"","overlay-type":"","overlay-color":"","overlay-opacity":"","overlay-gradient":""},"mobile":{"background-color":"var(--ast-global-color-5)","background-image":"","background-repeat":"repeat","background-position":"center center","background-size":"auto","background-attachment":"scroll","background-type":"","background-media":"","overlay-type":"","overlay-color":"","overlay-opacity":"","overlay-gradient":""}}},"product_brand":[],"product_cat":[48],"product_tag":[],"class_list":{"0":"post-2306","1":"product","2":"type-product","3":"status-publish","4":"has-post-thumbnail","6":"product_cat-gouda-15-kg-onderdelen","7":"desktop-align-left","8":"tablet-align-left","9":"mobile-align-left","11":"first","12":"instock","13":"taxable","14":"shipping-taxable","15":"purchasable","16":"product-type-simple"},"acf":[],"_links":{"self":[{"href":"https:\/\/kadovacheesemouldshop.com\/es\/wp-json\/wp\/v2\/product\/2306","targetHints":{"allow":["GET"]}}],"collection":[{"href":"https:\/\/kadovacheesemouldshop.com\/es\/wp-json\/wp\/v2\/product"}],"about":[{"href":"https:\/\/kadovacheesemouldshop.com\/es\/wp-json\/wp\/v2\/types\/product"}],"replies":[{"embeddable":true,"href":"https:\/\/kadovacheesemouldshop.com\/es\/wp-json\/wp\/v2\/comments?post=2306"}],"wp:featuredmedia":[{"embeddable":true,"href":"https:\/\/kadovacheesemouldshop.com\/es\/wp-json\/wp\/v2\/media\/2766"}],"wp:attachment":[{"href":"https:\/\/kadovacheesemouldshop.com\/es\/wp-json\/wp\/v2\/media?parent=2306"}],"wp:term":[{"taxonomy":"product_brand","embeddable":true,"href":"https:\/\/kadovacheesemouldshop.com\/es\/wp-json\/wp\/v2\/product_brand?post=2306"},{"taxonomy":"product_cat","embeddable":true,"href":"https:\/\/kadovacheesemouldshop.com\/es\/wp-json\/wp\/v2\/product_cat?post=2306"},{"taxonomy":"product_tag","embeddable":true,"href":"https:\/\/kadovacheesemouldshop.com\/es\/wp-json\/wp\/v2\/product_tag?post=2306"}],"curies":[{"name":"wp","href":"https:\/\/api.w.org\/{rel}","templated":true}]}}