{"id":2399,"date":"2020-04-22T09:22:03","date_gmt":"2020-04-22T09:22:03","guid":{"rendered":"https:\/\/kadovacheesemouldshop.com\/?post_type=product&#038;p=2399"},"modified":"2026-03-03T18:10:12","modified_gmt":"2026-03-03T18:10:12","slug":"kadova-cilindrisch-d130-h126-mm-volger","status":"publish","type":"product","link":"https:\/\/kadovacheesemouldshop.com\/es\/producto\/kadova-cilindrisch-d130-h126-mm-volger\/","title":{"rendered":"Kadova\u00ae Cilindrico D130 H126 mm Tapa"},"content":{"rendered":"<p>La Tapa Kadova\u00ae D130 H126 esta plana y tiene orificios de drenaje para drenar el suero.<\/p>\n<p class=\"translation-block\">La tapa ha sido completamente hecho de pl\u00e1stico. Las materias primas utilizadas para la producci\u00f3n de la tapa han sido aprobadas para contacto directo con alimentos. <\/u>. <br>\nAl igual que esta tapa, las otras partes del molde de queso Kadova\u00ae se pueden pedir por separado. Las piezas requeridas las puede encontrar en nuestra tienda web.<\/p>\n<p class=\"translation-block\"><strong> <u> Limpieza. <br>\n<\/u> <\/strong> La tapa se puede limpiar por separado despu\u00e9s de que se haya eliminado la red. <br>\nEsto se puede hacer sumergiendo al tapa en el l\u00edquido de limpieza durante la noche. <br>\nEl uso de un cepillo promueve el resultado final. <br>\nPara limpiar <strong> <u> solo la tapa <\/u> <\/strong>, la <u> temperatura del l\u00edquido de limpieza no debe exceder los 80 \u00b0 C. <\/u><\/p>\n<p class=\"translation-block\"><strong><u>Te gustar\u00eda m\u00e1s informaci\u00f3n?<\/u><\/strong><br>\nSi desea obtener m\u00e1s informaci\u00f3n sobre este molde de queso, env\u00ede un correo electr\u00f3nico a:  <a href=\"mailto:info@kadovacheesemouldshop.com\" \/>info@kadovacheesemouldshop.com<\/a> o complete el formulario de contacto en nuestro sitio web.<\/p>","protected":false},"excerpt":{"rendered":"<p>La Tapa Kadova\u00ae D130 H126 esta plana y tiene orificios de drenaje para drenar el suero.<\/p>","protected":false},"featured_media":2787,"comment_status":"open","ping_status":"closed","template":"","meta":{"_acf_changed":false,"site-sidebar-layout":"default","site-content-layout":"default","ast-site-content-layout":"default","site-content-style":"default","site-sidebar-style":"default","ast-global-header-display":"","ast-banner-title-visibility":"","ast-main-header-display":"","ast-hfb-above-header-display":"","ast-hfb-below-header-display":"","ast-hfb-mobile-header-display":"","site-post-title":"","ast-breadcrumbs-content":"","ast-featured-img":"","footer-sml-layout":"","ast-disable-related-posts":"","theme-transparent-header-meta":"default","adv-header-id-meta":"","stick-header-meta":"","header-above-stick-meta":"","header-main-stick-meta":"","header-below-stick-meta":"","astra-migrate-meta-layouts":"default","ast-page-background-enabled":"default","ast-page-background-meta":{"desktop":{"background-color":"","background-image":"","background-repeat":"repeat","background-position":"center center","background-size":"auto","background-attachment":"scroll","background-type":"","background-media":"","overlay-type":"","overlay-color":"","overlay-opacity":"","overlay-gradient":""},"tablet":{"background-color":"","background-image":"","background-repeat":"repeat","background-position":"center center","background-size":"auto","background-attachment":"scroll","background-type":"","background-media":"","overlay-type":"","overlay-color":"","overlay-opacity":"","overlay-gradient":""},"mobile":{"background-color":"","background-image":"","background-repeat":"repeat","background-position":"center center","background-size":"auto","background-attachment":"scroll","background-type":"","background-media":"","overlay-type":"","overlay-color":"","overlay-opacity":"","overlay-gradient":""}},"ast-content-background-meta":{"desktop":{"background-color":"var(--ast-global-color-5)","background-image":"","background-repeat":"repeat","background-position":"center center","background-size":"auto","background-attachment":"scroll","background-type":"","background-media":"","overlay-type":"","overlay-color":"","overlay-opacity":"","overlay-gradient":""},"tablet":{"background-color":"var(--ast-global-color-5)","background-image":"","background-repeat":"repeat","background-position":"center center","background-size":"auto","background-attachment":"scroll","background-type":"","background-media":"","overlay-type":"","overlay-color":"","overlay-opacity":"","overlay-gradient":""},"mobile":{"background-color":"var(--ast-global-color-5)","background-image":"","background-repeat":"repeat","background-position":"center center","background-size":"auto","background-attachment":"scroll","background-type":"","background-media":"","overlay-type":"","overlay-color":"","overlay-opacity":"","overlay-gradient":""}}},"product_brand":[],"product_cat":[40],"product_tag":[],"class_list":{"0":"post-2399","1":"product","2":"type-product","3":"status-publish","4":"has-post-thumbnail","6":"product_cat-cilindrisch-onderdelen","7":"desktop-align-left","8":"tablet-align-left","9":"mobile-align-left","11":"first","12":"instock","13":"taxable","14":"shipping-taxable","15":"purchasable","16":"product-type-simple"},"acf":[],"_links":{"self":[{"href":"https:\/\/kadovacheesemouldshop.com\/es\/wp-json\/wp\/v2\/product\/2399","targetHints":{"allow":["GET"]}}],"collection":[{"href":"https:\/\/kadovacheesemouldshop.com\/es\/wp-json\/wp\/v2\/product"}],"about":[{"href":"https:\/\/kadovacheesemouldshop.com\/es\/wp-json\/wp\/v2\/types\/product"}],"replies":[{"embeddable":true,"href":"https:\/\/kadovacheesemouldshop.com\/es\/wp-json\/wp\/v2\/comments?post=2399"}],"wp:featuredmedia":[{"embeddable":true,"href":"https:\/\/kadovacheesemouldshop.com\/es\/wp-json\/wp\/v2\/media\/2787"}],"wp:attachment":[{"href":"https:\/\/kadovacheesemouldshop.com\/es\/wp-json\/wp\/v2\/media?parent=2399"}],"wp:term":[{"taxonomy":"product_brand","embeddable":true,"href":"https:\/\/kadovacheesemouldshop.com\/es\/wp-json\/wp\/v2\/product_brand?post=2399"},{"taxonomy":"product_cat","embeddable":true,"href":"https:\/\/kadovacheesemouldshop.com\/es\/wp-json\/wp\/v2\/product_cat?post=2399"},{"taxonomy":"product_tag","embeddable":true,"href":"https:\/\/kadovacheesemouldshop.com\/es\/wp-json\/wp\/v2\/product_tag?post=2399"}],"curies":[{"name":"wp","href":"https:\/\/api.w.org\/{rel}","templated":true}]}}