{"id":2359,"date":"2020-04-21T12:20:26","date_gmt":"2020-04-21T12:20:26","guid":{"rendered":"https:\/\/kadovacheesemouldshop.com\/?post_type=product&#038;p=2359"},"modified":"2026-03-04T09:25:54","modified_gmt":"2026-03-04T09:25:54","slug":"kadova-edam-4-kg-volgernet","status":"publish","type":"product","link":"https:\/\/kadovacheesemouldshop.com\/fr\/produit\/kadova-edam-4-kg-volgernet\/","title":{"rendered":"Kadova\u00ae Mimolette Edam 4 kg Volgernet"},"content":{"rendered":"<p>Het net is passend voor de Edam Mimolette 4 kg volger.<\/p>\n<p class=\"translation-block\">Le filet est <u> enti\u00e8rement en mati\u00e8re plastique <\/u>. <br>\nLes mati\u00e8res premi\u00e8res utilis\u00e9es dans la fabrication de filet sont <u> agr\u00e9\u00e9es pour le contact direct avec les denr\u00e9es alimentaires. <\/u><\/p>\n<p>Het net zorgt voor de <u>drainage van de wei, <\/u>voor de <u>vorming van de korst en tevens voor <\/u>een <u>gladde korst<\/u> die <u>vrij is van doekvouwen<\/u>.<br \/>\nHet net kan met behulp van een kleine schroevendraaier o.i.d. van de volger verwijderd worden.<br \/>\nV\u00f3\u00f3r montage verdient het aanbeveling een deel van de <u>ring van de volger<\/u> enigszins voor te verwarmen, maar <u>niet hoger dan 55\u00b0C!<br \/>\n<\/u>Net als dit net kunnen ook de overige onderdelen van de Edam (Mimolette) 4 kg kaasvorm los nabesteld worden.<br \/>\nDeze onderdelen vindt u terug in deze webshop.<\/p>\n<p class=\"translation-block\"><strong><u>Nettoyage<\/u><\/strong><br>\nLe filet du couvercle peut \u00eatre nettoy\u00e9 s\u00e9par\u00e9ment.  \nLe nettoyage se fait par immersion des \u00e9l\u00e9ments durant une nuit dans le liquide nettoyant. Vous pouvez utiliser une brosse pour favoriser le r\u00e9sultat. \nPour nettoyer seulement le couvercle la temp\u00e9rature du liquide de nettoyage ne doit pas d\u00e9passer les 55\u00b0C.<\/p>\n<p class=\"translation-block\"><strong><u>Renseignements?<\/u><\/strong><br>\n\nSi vous d\u00e9sirez de plus amples renseignements sur le moule \u00e0 fromage, envoyez-nous un mail \u00e0 : <a href=\"mailto:info@kadovacheesemouldshop.com\" \/>info@kadovacheesemouldshop.com<\/a> ou remplissez notre formulaire de contact sur le site.<\/p>","protected":false},"excerpt":{"rendered":"<p>Het net is passend voor de Edam Mimolette 4 kg volger.<\/p>","protected":false},"featured_media":2810,"comment_status":"open","ping_status":"closed","template":"","meta":{"_acf_changed":false,"site-sidebar-layout":"default","site-content-layout":"default","ast-site-content-layout":"default","site-content-style":"default","site-sidebar-style":"default","ast-global-header-display":"","ast-banner-title-visibility":"","ast-main-header-display":"","ast-hfb-above-header-display":"","ast-hfb-below-header-display":"","ast-hfb-mobile-header-display":"","site-post-title":"","ast-breadcrumbs-content":"","ast-featured-img":"","footer-sml-layout":"","ast-disable-related-posts":"","theme-transparent-header-meta":"default","adv-header-id-meta":"","stick-header-meta":"","header-above-stick-meta":"","header-main-stick-meta":"","header-below-stick-meta":"","astra-migrate-meta-layouts":"default","ast-page-background-enabled":"default","ast-page-background-meta":{"desktop":{"background-color":"","background-image":"","background-repeat":"repeat","background-position":"center center","background-size":"auto","background-attachment":"scroll","background-type":"","background-media":"","overlay-type":"","overlay-color":"","overlay-opacity":"","overlay-gradient":""},"tablet":{"background-color":"","background-image":"","background-repeat":"repeat","background-position":"center center","background-size":"auto","background-attachment":"scroll","background-type":"","background-media":"","overlay-type":"","overlay-color":"","overlay-opacity":"","overlay-gradient":""},"mobile":{"background-color":"","background-image":"","background-repeat":"repeat","background-position":"center center","background-size":"auto","background-attachment":"scroll","background-type":"","background-media":"","overlay-type":"","overlay-color":"","overlay-opacity":"","overlay-gradient":""}},"ast-content-background-meta":{"desktop":{"background-color":"var(--ast-global-color-5)","background-image":"","background-repeat":"repeat","background-position":"center center","background-size":"auto","background-attachment":"scroll","background-type":"","background-media":"","overlay-type":"","overlay-color":"","overlay-opacity":"","overlay-gradient":""},"tablet":{"background-color":"var(--ast-global-color-5)","background-image":"","background-repeat":"repeat","background-position":"center center","background-size":"auto","background-attachment":"scroll","background-type":"","background-media":"","overlay-type":"","overlay-color":"","overlay-opacity":"","overlay-gradient":""},"mobile":{"background-color":"var(--ast-global-color-5)","background-image":"","background-repeat":"repeat","background-position":"center center","background-size":"auto","background-attachment":"scroll","background-type":"","background-media":"","overlay-type":"","overlay-color":"","overlay-opacity":"","overlay-gradient":""}}},"product_brand":[],"product_cat":[62],"product_tag":[],"class_list":{"0":"post-2359","1":"product","2":"type-product","3":"status-publish","4":"has-post-thumbnail","6":"product_cat-edam-mimolette-4-kg-onderdelen","7":"desktop-align-left","8":"tablet-align-left","9":"mobile-align-left","11":"first","12":"instock","13":"taxable","14":"shipping-taxable","15":"purchasable","16":"product-type-simple"},"acf":[],"_links":{"self":[{"href":"https:\/\/kadovacheesemouldshop.com\/fr\/wp-json\/wp\/v2\/product\/2359","targetHints":{"allow":["GET"]}}],"collection":[{"href":"https:\/\/kadovacheesemouldshop.com\/fr\/wp-json\/wp\/v2\/product"}],"about":[{"href":"https:\/\/kadovacheesemouldshop.com\/fr\/wp-json\/wp\/v2\/types\/product"}],"replies":[{"embeddable":true,"href":"https:\/\/kadovacheesemouldshop.com\/fr\/wp-json\/wp\/v2\/comments?post=2359"}],"wp:featuredmedia":[{"embeddable":true,"href":"https:\/\/kadovacheesemouldshop.com\/fr\/wp-json\/wp\/v2\/media\/2810"}],"wp:attachment":[{"href":"https:\/\/kadovacheesemouldshop.com\/fr\/wp-json\/wp\/v2\/media?parent=2359"}],"wp:term":[{"taxonomy":"product_brand","embeddable":true,"href":"https:\/\/kadovacheesemouldshop.com\/fr\/wp-json\/wp\/v2\/product_brand?post=2359"},{"taxonomy":"product_cat","embeddable":true,"href":"https:\/\/kadovacheesemouldshop.com\/fr\/wp-json\/wp\/v2\/product_cat?post=2359"},{"taxonomy":"product_tag","embeddable":true,"href":"https:\/\/kadovacheesemouldshop.com\/fr\/wp-json\/wp\/v2\/product_tag?post=2359"}],"curies":[{"name":"wp","href":"https:\/\/api.w.org\/{rel}","templated":true}]}}