{"id":2371,"date":"2020-04-21T12:38:54","date_gmt":"2020-04-21T12:38:54","guid":{"rendered":"https:\/\/kadovacheesemouldshop.com\/?post_type=product&#038;p=2371"},"modified":"2026-03-03T18:02:07","modified_gmt":"2026-03-03T18:02:07","slug":"kadova-broodkaas-25-3-kg-vatnet","status":"publish","type":"product","link":"https:\/\/kadovacheesemouldshop.com\/fr\/produit\/kadova-broodkaas-25-3-kg-vatnet\/","title":{"rendered":"Kadova\u00ae Broodkaas 2,5 \u2013 3 kg Filet du moule"},"content":{"rendered":"<p>Le filet s'adapte au moule Kadova\u00ae Broodkaas 2,5 - 3 kg.<\/p>\n<p class=\"translation-block\">Le filet est <u> enti\u00e8rement en mati\u00e8re plastique <\/u>. <br>\nLes mati\u00e8res premi\u00e8res utilis\u00e9es dans la fabrication de filet sont <u> agr\u00e9\u00e9es pour le contact direct avec les denr\u00e9es alimentaires. <\/u><\/p>\n<p class=\"translation-block\">Le moule est fait enti\u00e8rement en mati\u00e8re synth\u00e9tique. \nLes mati\u00e8res premi\u00e8res utilis\u00e9es sont approuv\u00e9es pour un contact direct avec des produits alimentaires. <br>\n<\/u><br>\nLe Kadova\u00ae moule \u00e0 fromage est constitu\u00e9 de 4 parties: moule, filet de moule, couvercle et filet de couvercle.\nLes filets sont \u00e9galement faits de mati\u00e8res synth\u00e9tiques. Le filet draine le petit-lait, constitue la croute et aide \u00e0 former une belle croute lisse sans plissures.\n\nLes filets sont d\u00e9montables. Chacun des 4 \u00e9l\u00e9ments peut \u00eatre command\u00e9 s\u00e9par\u00e9ment. Vous les trouverez dans notre magasin en ligne.<\/p>\n<p class=\"translation-block\">Nettoyage.\nEn d\u00e9montant le filet du moule et le filet du couvercle, les 4 pi\u00e8ces peuvent \u00eatre nettoy\u00e9es s\u00e9par\u00e9ment. Le nettoyage se fait en laissant tremper chaque pi\u00e8ce dans un liquide de nettoyage pendant la nuit. Pour un meilleur r\u00e9sultat, utilisez une brosse pour approfondir le nettoyage. La temp\u00e9rature du liquide de nettoyage due aux syst\u00e8mes, r\u00e9seaux vuln\u00e9rables, ne doit pas d\u00e9passer 55 \u00b0 C.<\/p>\n<p class=\"translation-block\"><strong><u>Renseignements?<\/u><\/strong><br>\n\nSi vous d\u00e9sirez de plus amples renseignements sur le moule \u00e0 fromage, envoyez-nous un mail \u00e0 : <a href=\"mailto:info@kadovacheesemouldshop.com\" \/>info@kadovacheesemouldshop.com<\/a> ou remplissez notre formulaire de contact sur le site.<\/p>","protected":false},"excerpt":{"rendered":"<p>Le filet s'adapte au moule Kadova\u00ae Broodkaas 2,5 - 3 kg.<\/p>\n<p>&nbsp;<\/p>","protected":false},"featured_media":2783,"comment_status":"open","ping_status":"closed","template":"","meta":{"_acf_changed":false,"site-sidebar-layout":"default","site-content-layout":"default","ast-site-content-layout":"default","site-content-style":"default","site-sidebar-style":"default","ast-global-header-display":"","ast-banner-title-visibility":"","ast-main-header-display":"","ast-hfb-above-header-display":"","ast-hfb-below-header-display":"","ast-hfb-mobile-header-display":"","site-post-title":"","ast-breadcrumbs-content":"","ast-featured-img":"","footer-sml-layout":"","ast-disable-related-posts":"","theme-transparent-header-meta":"default","adv-header-id-meta":"","stick-header-meta":"","header-above-stick-meta":"","header-main-stick-meta":"","header-below-stick-meta":"","astra-migrate-meta-layouts":"default","ast-page-background-enabled":"default","ast-page-background-meta":{"desktop":{"background-color":"","background-image":"","background-repeat":"repeat","background-position":"center center","background-size":"auto","background-attachment":"scroll","background-type":"","background-media":"","overlay-type":"","overlay-color":"","overlay-opacity":"","overlay-gradient":""},"tablet":{"background-color":"","background-image":"","background-repeat":"repeat","background-position":"center center","background-size":"auto","background-attachment":"scroll","background-type":"","background-media":"","overlay-type":"","overlay-color":"","overlay-opacity":"","overlay-gradient":""},"mobile":{"background-color":"","background-image":"","background-repeat":"repeat","background-position":"center center","background-size":"auto","background-attachment":"scroll","background-type":"","background-media":"","overlay-type":"","overlay-color":"","overlay-opacity":"","overlay-gradient":""}},"ast-content-background-meta":{"desktop":{"background-color":"var(--ast-global-color-5)","background-image":"","background-repeat":"repeat","background-position":"center center","background-size":"auto","background-attachment":"scroll","background-type":"","background-media":"","overlay-type":"","overlay-color":"","overlay-opacity":"","overlay-gradient":""},"tablet":{"background-color":"var(--ast-global-color-5)","background-image":"","background-repeat":"repeat","background-position":"center center","background-size":"auto","background-attachment":"scroll","background-type":"","background-media":"","overlay-type":"","overlay-color":"","overlay-opacity":"","overlay-gradient":""},"mobile":{"background-color":"var(--ast-global-color-5)","background-image":"","background-repeat":"repeat","background-position":"center center","background-size":"auto","background-attachment":"scroll","background-type":"","background-media":"","overlay-type":"","overlay-color":"","overlay-opacity":"","overlay-gradient":""}}},"product_brand":[],"product_cat":[37],"product_tag":[],"class_list":{"0":"post-2371","1":"product","2":"type-product","3":"status-publish","4":"has-post-thumbnail","6":"product_cat-broodkaas-onderdelen","7":"desktop-align-left","8":"tablet-align-left","9":"mobile-align-left","11":"first","12":"instock","13":"taxable","14":"shipping-taxable","15":"purchasable","16":"product-type-simple"},"acf":[],"_links":{"self":[{"href":"https:\/\/kadovacheesemouldshop.com\/fr\/wp-json\/wp\/v2\/product\/2371","targetHints":{"allow":["GET"]}}],"collection":[{"href":"https:\/\/kadovacheesemouldshop.com\/fr\/wp-json\/wp\/v2\/product"}],"about":[{"href":"https:\/\/kadovacheesemouldshop.com\/fr\/wp-json\/wp\/v2\/types\/product"}],"replies":[{"embeddable":true,"href":"https:\/\/kadovacheesemouldshop.com\/fr\/wp-json\/wp\/v2\/comments?post=2371"}],"wp:featuredmedia":[{"embeddable":true,"href":"https:\/\/kadovacheesemouldshop.com\/fr\/wp-json\/wp\/v2\/media\/2783"}],"wp:attachment":[{"href":"https:\/\/kadovacheesemouldshop.com\/fr\/wp-json\/wp\/v2\/media?parent=2371"}],"wp:term":[{"taxonomy":"product_brand","embeddable":true,"href":"https:\/\/kadovacheesemouldshop.com\/fr\/wp-json\/wp\/v2\/product_brand?post=2371"},{"taxonomy":"product_cat","embeddable":true,"href":"https:\/\/kadovacheesemouldshop.com\/fr\/wp-json\/wp\/v2\/product_cat?post=2371"},{"taxonomy":"product_tag","embeddable":true,"href":"https:\/\/kadovacheesemouldshop.com\/fr\/wp-json\/wp\/v2\/product_tag?post=2371"}],"curies":[{"name":"wp","href":"https:\/\/api.w.org\/{rel}","templated":true}]}}