{"id":2389,"date":"2020-04-21T14:13:49","date_gmt":"2020-04-21T14:13:49","guid":{"rendered":"https:\/\/kadovacheesemouldshop.com\/?post_type=product&#038;p=2389"},"modified":"2026-03-03T18:07:41","modified_gmt":"2026-03-03T18:07:41","slug":"kadova-tomme-d-120-h76-mm-volger","status":"publish","type":"product","link":"https:\/\/kadovacheesemouldshop.com\/fr\/produit\/kadova-tomme-d-120-h76-mm-volger\/","title":{"rendered":"Kadova\u00ae D120 H76 Tomme Couvercle"},"content":{"rendered":"<p>De volger is vlak en heeft drainage gaten voor de afvoer van de wei.<\/p>\n<p class=\"translation-block\">Le couvercle est fait enti\u00e8rement en mati\u00e8re synth\u00e9tique. \nLes mat\u00e9riaux utilis\u00e9s sont approuv\u00e9s pour le contact direct avec les aliments.<\/p>\n<p>Net als deze volger kunnen ook de overige onderdelen van de Kadova\u00ae Tomme 120 mm H 76 mm kaasvorm los nabesteld worden.<br \/>\nDeze onderdelen vindt u terug in deze webshop.<\/p>\n<p class=\"translation-block\"><strong><u>Nettoyage<\/u><\/strong><br>\nLe couvercle peut \u00eatre nettoy\u00e9 s\u00e9par\u00e9ment.  \nLe nettoyage se fait par immersion des \u00e9l\u00e9ments durant une nuit dans le liquide nettoyant. Vous pouvez utiliser une brosse pour favoriser le r\u00e9sultat. \nPour nettoyer seulement le couvercle la temp\u00e9rature du liquide de nettoyage ne doit pas d\u00e9passer les 80\u00b0C.<\/p>\n<p class=\"translation-block\"><strong><u>Renseignements?<\/u><\/strong><br>\n\nSi vous d\u00e9sirez de plus amples renseignements sur le moule \u00e0 fromage, envoyez-nous un mail \u00e0 : <a href=\"mailto:info@kadovacheesemouldshop.com\" \/>info@kadovacheesemouldshop.com<\/a> ou remplissez notre formulaire de contact sur le site.<\/p>","protected":false},"excerpt":{"rendered":"<p>Kadova\u00ae Tomme D 120 H76 mm Volger is vlak en heeft drainage gaten voor de afvoer van de wei.<\/p>","protected":false},"featured_media":2787,"comment_status":"open","ping_status":"closed","template":"","meta":{"_acf_changed":false,"site-sidebar-layout":"default","site-content-layout":"default","ast-site-content-layout":"default","site-content-style":"default","site-sidebar-style":"default","ast-global-header-display":"","ast-banner-title-visibility":"","ast-main-header-display":"","ast-hfb-above-header-display":"","ast-hfb-below-header-display":"","ast-hfb-mobile-header-display":"","site-post-title":"","ast-breadcrumbs-content":"","ast-featured-img":"","footer-sml-layout":"","ast-disable-related-posts":"","theme-transparent-header-meta":"default","adv-header-id-meta":"","stick-header-meta":"","header-above-stick-meta":"","header-main-stick-meta":"","header-below-stick-meta":"","astra-migrate-meta-layouts":"default","ast-page-background-enabled":"default","ast-page-background-meta":{"desktop":{"background-color":"","background-image":"","background-repeat":"repeat","background-position":"center center","background-size":"auto","background-attachment":"scroll","background-type":"","background-media":"","overlay-type":"","overlay-color":"","overlay-opacity":"","overlay-gradient":""},"tablet":{"background-color":"","background-image":"","background-repeat":"repeat","background-position":"center center","background-size":"auto","background-attachment":"scroll","background-type":"","background-media":"","overlay-type":"","overlay-color":"","overlay-opacity":"","overlay-gradient":""},"mobile":{"background-color":"","background-image":"","background-repeat":"repeat","background-position":"center center","background-size":"auto","background-attachment":"scroll","background-type":"","background-media":"","overlay-type":"","overlay-color":"","overlay-opacity":"","overlay-gradient":""}},"ast-content-background-meta":{"desktop":{"background-color":"var(--ast-global-color-5)","background-image":"","background-repeat":"repeat","background-position":"center center","background-size":"auto","background-attachment":"scroll","background-type":"","background-media":"","overlay-type":"","overlay-color":"","overlay-opacity":"","overlay-gradient":""},"tablet":{"background-color":"var(--ast-global-color-5)","background-image":"","background-repeat":"repeat","background-position":"center center","background-size":"auto","background-attachment":"scroll","background-type":"","background-media":"","overlay-type":"","overlay-color":"","overlay-opacity":"","overlay-gradient":""},"mobile":{"background-color":"var(--ast-global-color-5)","background-image":"","background-repeat":"repeat","background-position":"center center","background-size":"auto","background-attachment":"scroll","background-type":"","background-media":"","overlay-type":"","overlay-color":"","overlay-opacity":"","overlay-gradient":""}}},"product_brand":[],"product_cat":[38],"product_tag":[],"class_list":{"0":"post-2389","1":"product","2":"type-product","3":"status-publish","4":"has-post-thumbnail","6":"product_cat-tomme-onderdelen","7":"desktop-align-left","8":"tablet-align-left","9":"mobile-align-left","11":"first","12":"instock","13":"taxable","14":"shipping-taxable","15":"purchasable","16":"product-type-simple"},"acf":[],"_links":{"self":[{"href":"https:\/\/kadovacheesemouldshop.com\/fr\/wp-json\/wp\/v2\/product\/2389","targetHints":{"allow":["GET"]}}],"collection":[{"href":"https:\/\/kadovacheesemouldshop.com\/fr\/wp-json\/wp\/v2\/product"}],"about":[{"href":"https:\/\/kadovacheesemouldshop.com\/fr\/wp-json\/wp\/v2\/types\/product"}],"replies":[{"embeddable":true,"href":"https:\/\/kadovacheesemouldshop.com\/fr\/wp-json\/wp\/v2\/comments?post=2389"}],"wp:featuredmedia":[{"embeddable":true,"href":"https:\/\/kadovacheesemouldshop.com\/fr\/wp-json\/wp\/v2\/media\/2787"}],"wp:attachment":[{"href":"https:\/\/kadovacheesemouldshop.com\/fr\/wp-json\/wp\/v2\/media?parent=2389"}],"wp:term":[{"taxonomy":"product_brand","embeddable":true,"href":"https:\/\/kadovacheesemouldshop.com\/fr\/wp-json\/wp\/v2\/product_brand?post=2389"},{"taxonomy":"product_cat","embeddable":true,"href":"https:\/\/kadovacheesemouldshop.com\/fr\/wp-json\/wp\/v2\/product_cat?post=2389"},{"taxonomy":"product_tag","embeddable":true,"href":"https:\/\/kadovacheesemouldshop.com\/fr\/wp-json\/wp\/v2\/product_tag?post=2389"}],"curies":[{"name":"wp","href":"https:\/\/api.w.org\/{rel}","templated":true}]}}