{"id":2530,"date":"2020-04-22T15:34:17","date_gmt":"2020-04-22T15:34:17","guid":{"rendered":"https:\/\/kadovacheesemouldshop.com\/?post_type=product&#038;p=2530"},"modified":"2026-03-03T18:20:47","modified_gmt":"2026-03-03T18:20:47","slug":"kadova-cilindrisch-d240-h122-mm-volgernet","status":"publish","type":"product","link":"https:\/\/kadovacheesemouldshop.com\/fr\/produit\/kadova-cilindrisch-d240-h122-mm-volgernet\/","title":{"rendered":"Kadova\u00ae Cylindrique D240 H122 mm Filet du couvercle"},"content":{"rendered":"<p>Le filet s'adapte au couvercle cylindrique Kadova\u00ae D240 H122.<\/p>\n<p class=\"translation-block\">Le moule est fait enti\u00e8rement en mati\u00e8re synth\u00e9tique. \nLes mati\u00e8res premi\u00e8res utilis\u00e9es sont approuv\u00e9es pour un contact direct avec des produits alimentaires. <br>\n<\/u><br>\nLe Kadova\u00ae moule \u00e0 fromage est constitu\u00e9 de 4 parties: moule, filet de moule, couvercle et filet de couvercle.\nLes filets sont \u00e9galement faits de mati\u00e8res synth\u00e9tiques. Le filet draine le petit-lait, constitue la croute et aide \u00e0 former une belle croute lisse sans plissures.\n\nLes filets sont d\u00e9montables. Chacun des 4 \u00e9l\u00e9ments peut \u00eatre command\u00e9 s\u00e9par\u00e9ment. Vous les trouverez dans notre magasin en ligne.<\/p>\n<p class=\"translation-block\"><strong><u>Nettoyage<\/u><\/strong><br>\nLe filet du couvercle peut \u00eatre nettoy\u00e9 s\u00e9par\u00e9ment.  \nLe nettoyage se fait par immersion des \u00e9l\u00e9ments durant une nuit dans le liquide nettoyant. Vous pouvez utiliser une brosse pour favoriser le r\u00e9sultat. \nPour nettoyer seulement le couvercle la temp\u00e9rature du liquide de nettoyage ne doit pas d\u00e9passer les 55\u00b0C.<\/p>\n<p class=\"translation-block\"><strong><u>Renseignements?<\/u><\/strong><br>\n\nSi vous d\u00e9sirez de plus amples renseignements sur le moule \u00e0 fromage, envoyez-nous un mail \u00e0 : <a href=\"mailto:info@kadovacheesemouldshop.com\" \/>info@kadovacheesemouldshop.com<\/a> ou remplissez notre formulaire de contact sur le site.<\/p>","protected":false},"excerpt":{"rendered":"<p>Le filet s'adapte au couvercle cylindrique Kadova\u00ae D240 H122.<\/p>\n<p>&nbsp;<\/p>","protected":false},"featured_media":2804,"comment_status":"open","ping_status":"closed","template":"","meta":{"_acf_changed":false,"site-sidebar-layout":"default","site-content-layout":"default","ast-site-content-layout":"default","site-content-style":"default","site-sidebar-style":"default","ast-global-header-display":"","ast-banner-title-visibility":"","ast-main-header-display":"","ast-hfb-above-header-display":"","ast-hfb-below-header-display":"","ast-hfb-mobile-header-display":"","site-post-title":"","ast-breadcrumbs-content":"","ast-featured-img":"","footer-sml-layout":"","ast-disable-related-posts":"","theme-transparent-header-meta":"default","adv-header-id-meta":"","stick-header-meta":"","header-above-stick-meta":"","header-main-stick-meta":"","header-below-stick-meta":"","astra-migrate-meta-layouts":"default","ast-page-background-enabled":"default","ast-page-background-meta":{"desktop":{"background-color":"","background-image":"","background-repeat":"repeat","background-position":"center center","background-size":"auto","background-attachment":"scroll","background-type":"","background-media":"","overlay-type":"","overlay-color":"","overlay-opacity":"","overlay-gradient":""},"tablet":{"background-color":"","background-image":"","background-repeat":"repeat","background-position":"center center","background-size":"auto","background-attachment":"scroll","background-type":"","background-media":"","overlay-type":"","overlay-color":"","overlay-opacity":"","overlay-gradient":""},"mobile":{"background-color":"","background-image":"","background-repeat":"repeat","background-position":"center center","background-size":"auto","background-attachment":"scroll","background-type":"","background-media":"","overlay-type":"","overlay-color":"","overlay-opacity":"","overlay-gradient":""}},"ast-content-background-meta":{"desktop":{"background-color":"var(--ast-global-color-5)","background-image":"","background-repeat":"repeat","background-position":"center center","background-size":"auto","background-attachment":"scroll","background-type":"","background-media":"","overlay-type":"","overlay-color":"","overlay-opacity":"","overlay-gradient":""},"tablet":{"background-color":"var(--ast-global-color-5)","background-image":"","background-repeat":"repeat","background-position":"center center","background-size":"auto","background-attachment":"scroll","background-type":"","background-media":"","overlay-type":"","overlay-color":"","overlay-opacity":"","overlay-gradient":""},"mobile":{"background-color":"var(--ast-global-color-5)","background-image":"","background-repeat":"repeat","background-position":"center center","background-size":"auto","background-attachment":"scroll","background-type":"","background-media":"","overlay-type":"","overlay-color":"","overlay-opacity":"","overlay-gradient":""}}},"product_brand":[],"product_cat":[40],"product_tag":[],"class_list":{"0":"post-2530","1":"product","2":"type-product","3":"status-publish","4":"has-post-thumbnail","6":"product_cat-cilindrisch-onderdelen","7":"desktop-align-left","8":"tablet-align-left","9":"mobile-align-left","11":"first","12":"instock","13":"taxable","14":"shipping-taxable","15":"purchasable","16":"product-type-simple"},"acf":[],"_links":{"self":[{"href":"https:\/\/kadovacheesemouldshop.com\/fr\/wp-json\/wp\/v2\/product\/2530","targetHints":{"allow":["GET"]}}],"collection":[{"href":"https:\/\/kadovacheesemouldshop.com\/fr\/wp-json\/wp\/v2\/product"}],"about":[{"href":"https:\/\/kadovacheesemouldshop.com\/fr\/wp-json\/wp\/v2\/types\/product"}],"replies":[{"embeddable":true,"href":"https:\/\/kadovacheesemouldshop.com\/fr\/wp-json\/wp\/v2\/comments?post=2530"}],"wp:featuredmedia":[{"embeddable":true,"href":"https:\/\/kadovacheesemouldshop.com\/fr\/wp-json\/wp\/v2\/media\/2804"}],"wp:attachment":[{"href":"https:\/\/kadovacheesemouldshop.com\/fr\/wp-json\/wp\/v2\/media?parent=2530"}],"wp:term":[{"taxonomy":"product_brand","embeddable":true,"href":"https:\/\/kadovacheesemouldshop.com\/fr\/wp-json\/wp\/v2\/product_brand?post=2530"},{"taxonomy":"product_cat","embeddable":true,"href":"https:\/\/kadovacheesemouldshop.com\/fr\/wp-json\/wp\/v2\/product_cat?post=2530"},{"taxonomy":"product_tag","embeddable":true,"href":"https:\/\/kadovacheesemouldshop.com\/fr\/wp-json\/wp\/v2\/product_tag?post=2530"}],"curies":[{"name":"wp","href":"https:\/\/api.w.org\/{rel}","templated":true}]}}