{"id":2563,"date":"2020-04-23T09:32:25","date_gmt":"2020-04-23T09:32:25","guid":{"rendered":"https:\/\/kadovacheesemouldshop.com\/?post_type=product&#038;p=2563"},"modified":"2026-03-03T18:25:43","modified_gmt":"2026-03-03T18:25:43","slug":"kadova-cilindrisch-d350-h233-mm-vat","status":"publish","type":"product","link":"https:\/\/kadovacheesemouldshop.com\/fr\/produit\/kadova-cilindrisch-d350-h233-mm-vat\/","title":{"rendered":"Kadova\u00ae Cylindrique D350 H233 mm Moule"},"content":{"rendered":"<p>Le moule Kadova\u00ae Cylindrique D350 H233 a une forme cylindrique.<br \/>\nLe moule poss\u00e8de des trous de drainage dans le fond et sur les cot\u00e9s pour \u00e9vacuer le petit-lait.<\/p>\n<p class=\"translation-block\">Het vat is <u>volledig gemaakt&nbsp;uit kunststof<\/u>.<br>\r\nDe voor de productie van het vat gebruikte grondstoffen zijn <u>goedgekeurd voor direct contact met voedingsmiddelen.<br>\r\n<\/u>Net als dit vat kunnen ook de overige onderdelen van de Kadova\u00ae Cilindrisch 11,7 \u2013 15 kg kaasvorm los nabesteld worden.<br>\r\nDeze onderdelen vindt u terug in onze webshop.<\/p>\n<p class=\"translation-block\"><strong><u>Nettoyage<\/u><\/strong><br>\nLe moule peut \u00eatre nettoy\u00e9 s\u00e9par\u00e9ment.  \nLe nettoyage se fait par immersion des \u00e9l\u00e9ments durant une nuit dans le liquide nettoyant. Vous pouvez utiliser une brosse pour favoriser le r\u00e9sultat. \nPour nettoyer seulement le moule la temp\u00e9rature du liquide de nettoyage ne doit pas d\u00e9passer les 80\u00b0C.<\/p>\n<p class=\"translation-block\"><strong><u>Renseignements?<\/u><\/strong><br>\n\nSi vous d\u00e9sirez de plus amples renseignements sur le moule \u00e0 fromage, envoyez-nous un mail \u00e0 : <a href=\"mailto:info@kadovacheesemouldshop.com\" \/>info@kadovacheesemouldshop.com<\/a> ou remplissez notre formulaire de contact sur le site.<\/p>","protected":false},"excerpt":{"rendered":"<p>Le moule Kadova\u00ae Cylindrique D350 H233 a une forme cylindrique.<br \/>\nLe moule poss\u00e8de des trous de drainage dans le fond et sur les cot\u00e9s pour \u00e9vacuer le petit-lait.<\/p>","protected":false},"featured_media":2801,"comment_status":"open","ping_status":"closed","template":"","meta":{"_acf_changed":false,"site-sidebar-layout":"default","site-content-layout":"default","ast-site-content-layout":"default","site-content-style":"default","site-sidebar-style":"default","ast-global-header-display":"","ast-banner-title-visibility":"","ast-main-header-display":"","ast-hfb-above-header-display":"","ast-hfb-below-header-display":"","ast-hfb-mobile-header-display":"","site-post-title":"","ast-breadcrumbs-content":"","ast-featured-img":"","footer-sml-layout":"","ast-disable-related-posts":"","theme-transparent-header-meta":"default","adv-header-id-meta":"","stick-header-meta":"","header-above-stick-meta":"","header-main-stick-meta":"","header-below-stick-meta":"","astra-migrate-meta-layouts":"default","ast-page-background-enabled":"default","ast-page-background-meta":{"desktop":{"background-color":"","background-image":"","background-repeat":"repeat","background-position":"center center","background-size":"auto","background-attachment":"scroll","background-type":"","background-media":"","overlay-type":"","overlay-color":"","overlay-opacity":"","overlay-gradient":""},"tablet":{"background-color":"","background-image":"","background-repeat":"repeat","background-position":"center center","background-size":"auto","background-attachment":"scroll","background-type":"","background-media":"","overlay-type":"","overlay-color":"","overlay-opacity":"","overlay-gradient":""},"mobile":{"background-color":"","background-image":"","background-repeat":"repeat","background-position":"center center","background-size":"auto","background-attachment":"scroll","background-type":"","background-media":"","overlay-type":"","overlay-color":"","overlay-opacity":"","overlay-gradient":""}},"ast-content-background-meta":{"desktop":{"background-color":"var(--ast-global-color-5)","background-image":"","background-repeat":"repeat","background-position":"center center","background-size":"auto","background-attachment":"scroll","background-type":"","background-media":"","overlay-type":"","overlay-color":"","overlay-opacity":"","overlay-gradient":""},"tablet":{"background-color":"var(--ast-global-color-5)","background-image":"","background-repeat":"repeat","background-position":"center center","background-size":"auto","background-attachment":"scroll","background-type":"","background-media":"","overlay-type":"","overlay-color":"","overlay-opacity":"","overlay-gradient":""},"mobile":{"background-color":"var(--ast-global-color-5)","background-image":"","background-repeat":"repeat","background-position":"center center","background-size":"auto","background-attachment":"scroll","background-type":"","background-media":"","overlay-type":"","overlay-color":"","overlay-opacity":"","overlay-gradient":""}}},"product_brand":[],"product_cat":[40],"product_tag":[],"class_list":{"0":"post-2563","1":"product","2":"type-product","3":"status-publish","4":"has-post-thumbnail","6":"product_cat-cilindrisch-onderdelen","7":"desktop-align-left","8":"tablet-align-left","9":"mobile-align-left","11":"first","12":"instock","13":"taxable","14":"shipping-taxable","15":"purchasable","16":"product-type-simple"},"acf":[],"_links":{"self":[{"href":"https:\/\/kadovacheesemouldshop.com\/fr\/wp-json\/wp\/v2\/product\/2563","targetHints":{"allow":["GET"]}}],"collection":[{"href":"https:\/\/kadovacheesemouldshop.com\/fr\/wp-json\/wp\/v2\/product"}],"about":[{"href":"https:\/\/kadovacheesemouldshop.com\/fr\/wp-json\/wp\/v2\/types\/product"}],"replies":[{"embeddable":true,"href":"https:\/\/kadovacheesemouldshop.com\/fr\/wp-json\/wp\/v2\/comments?post=2563"}],"wp:featuredmedia":[{"embeddable":true,"href":"https:\/\/kadovacheesemouldshop.com\/fr\/wp-json\/wp\/v2\/media\/2801"}],"wp:attachment":[{"href":"https:\/\/kadovacheesemouldshop.com\/fr\/wp-json\/wp\/v2\/media?parent=2563"}],"wp:term":[{"taxonomy":"product_brand","embeddable":true,"href":"https:\/\/kadovacheesemouldshop.com\/fr\/wp-json\/wp\/v2\/product_brand?post=2563"},{"taxonomy":"product_cat","embeddable":true,"href":"https:\/\/kadovacheesemouldshop.com\/fr\/wp-json\/wp\/v2\/product_cat?post=2563"},{"taxonomy":"product_tag","embeddable":true,"href":"https:\/\/kadovacheesemouldshop.com\/fr\/wp-json\/wp\/v2\/product_tag?post=2563"}],"curies":[{"name":"wp","href":"https:\/\/api.w.org\/{rel}","templated":true}]}}